{"id":79013,"date":"2026-01-30T18:52:48","date_gmt":"2026-01-30T17:52:48","guid":{"rendered":"https:\/\/www.clockprestige.com\/?post_type=product&#038;p=79013"},"modified":"2026-02-13T02:19:50","modified_gmt":"2026-02-13T01:19:50","slug":"pendule-au-cherubin-et-colombes-xixeme","status":"publish","type":"product","link":"https:\/\/www.clockprestige.com\/en\/our-objects-and-clocks\/pendules\/clock-with-cherub-and-doves-19th\/","title":{"rendered":"Clock with cherub and doves 19th"},"content":{"rendered":"<p class=\"translation-block\">Cette \u00e9l\u00e9gante pendule incarne toute la po\u00e9sie d\u00e9corative du XIX\u1d49 si\u00e8cle, d\u2019\u00e9poque Napol\u00e9on III fin XIX\u00e8me.<br>\r\nUn jeune ch\u00e9rubin potel\u00e9, trait\u00e9 avec une grande douceur de model\u00e9, s\u2019appuie avec insouciance contre le bo\u00eetier du m\u00e9canisme, dans une attitude \u00e0 la fois tendre et vivante. Le geste lev\u00e9, presque suspendu, semble vouloir caresser ou retenir les deux colombes pos\u00e9es au sommet de la pendule, symboles intemporels de l\u2019innocence, de la paix et de l\u2019amour.<\/p>\n<p>The decoration, rich without being excessive, plays on the harmony of volumes: supple drapery envelops the circular base of the domed white enamel dial, protected by a domed glass, while the sculpted cherub provides a sensual and expressive counterpoint to the horological rigor. The finely detailed face exudes a delicate emotion, imbued with candor and serenity.<\/p>\n<p>Rectangular base in white Carrara marble, highlighted by a beaded frieze in gilt bronze and small turned feet.<\/p>\n<p>M\u00e9canisme d&#8217;origine sans modification. Sonnerie aux heures et demie sur cloche ancienne.<\/p>","protected":false},"excerpt":{"rendered":"<p>Cette \u00e9l\u00e9gante pendule incarne toute la po\u00e9sie d\u00e9corative du XIX\u1d49 si\u00e8cle, d&#8217;\u00e9poque Napol\u00e9on III fin XIX\u00e8me. Un jeune ch\u00e9rubin potel\u00e9, trait\u00e9 avec une grande douceur de model\u00e9, s\u2019appuie avec insouciance contre le bo\u00eetier du m\u00e9canisme, dans une attitude \u00e0 la fois tendre et vivante. Le geste lev\u00e9, presque suspendu, semble vouloir caresser ou retenir les [&hellip;]<\/p>","protected":false},"featured_media":79113,"comment_status":"closed","ping_status":"closed","template":"","meta":{"_acf_changed":false},"product_brand":[],"product_cat":[5852],"product_tag":[],"class_list":{"0":"post-79013","1":"product","2":"type-product","3":"status-publish","4":"has-post-thumbnail","6":"product_cat-pendules","8":"first","9":"instock","10":"shipping-taxable","11":"purchasable","12":"product-type-simple"},"acf":[],"_links":{"self":[{"href":"https:\/\/www.clockprestige.com\/en\/wp-json\/wp\/v2\/product\/79013","targetHints":{"allow":["GET"]}}],"collection":[{"href":"https:\/\/www.clockprestige.com\/en\/wp-json\/wp\/v2\/product"}],"about":[{"href":"https:\/\/www.clockprestige.com\/en\/wp-json\/wp\/v2\/types\/product"}],"replies":[{"embeddable":true,"href":"https:\/\/www.clockprestige.com\/en\/wp-json\/wp\/v2\/comments?post=79013"}],"version-history":[{"count":2,"href":"https:\/\/www.clockprestige.com\/en\/wp-json\/wp\/v2\/product\/79013\/revisions"}],"predecessor-version":[{"id":79169,"href":"https:\/\/www.clockprestige.com\/en\/wp-json\/wp\/v2\/product\/79013\/revisions\/79169"}],"wp:featuredmedia":[{"embeddable":true,"href":"https:\/\/www.clockprestige.com\/en\/wp-json\/wp\/v2\/media\/79113"}],"wp:attachment":[{"href":"https:\/\/www.clockprestige.com\/en\/wp-json\/wp\/v2\/media?parent=79013"}],"wp:term":[{"taxonomy":"product_brand","embeddable":true,"href":"https:\/\/www.clockprestige.com\/en\/wp-json\/wp\/v2\/product_brand?post=79013"},{"taxonomy":"product_cat","embeddable":true,"href":"https:\/\/www.clockprestige.com\/en\/wp-json\/wp\/v2\/product_cat?post=79013"},{"taxonomy":"product_tag","embeddable":true,"href":"https:\/\/www.clockprestige.com\/en\/wp-json\/wp\/v2\/product_tag?post=79013"}],"curies":[{"name":"wp","href":"https:\/\/api.w.org\/{rel}","templated":true}]}}