{"id":78632,"date":"2025-12-09T21:07:30","date_gmt":"2025-12-09T20:07:30","guid":{"rendered":"https:\/\/www.clockprestige.com\/?post_type=product&#038;p=78632"},"modified":"2026-02-18T00:17:58","modified_gmt":"2026-02-17T23:17:58","slug":"paire-de-chandeliers-bronze-et-onyx-napoleon-iii","status":"publish","type":"product","link":"https:\/\/www.clockprestige.com\/en\/our-objects-and-clocks\/chandeliers-bougeoirs\/pair-of-candlesticks-bronze-and-onyx-xixeme\/","title":{"rendered":"Pair of candlesticks bronze and onyx XIX\u00e8me"},"content":{"rendered":"<p>Cette paire de cand\u00e9labres en bronze finement cisel\u00e9 et dor\u00e9 \u00e0 l&#8217;or d&#8217;\u00e9poque Napol\u00e9on III vers 1860. Reposant sur des pieds toupies d\u00e9licatement perl\u00e9s et une terrasse circulaire moulur\u00e9e, chaque pi\u00e8ce se dresse sur une base tripode \u00e9largie orn\u00e9e de volutes enroul\u00e9es se terminant par de petites acanthes stylis\u00e9es. Des cartouches et panneaux appliqu\u00e9s, pos\u00e9s sur un fond clair de pierre dure en onyx \u2013 pr\u00e9sentent des troph\u00e9es orn\u00e9s de flambeaux, des palmettes, des ailes d\u00e9ploy\u00e9es et diverses feuilles lanc\u00e9ol\u00e9es, tous soulign\u00e9s d\u2019encadrements perl\u00e9s, de moulures godronn\u00e9es et de frises de perles qui structurent harmonieusement l\u2019ensemble.<\/p>\n<p>Above this richly architectural base rises a composite central shaft reminiscent of an antique baluster. It begins with a flared foot embellished with scrolling foliage and swags, and extends into a gadrooned baluster-shaped vase encircled by a beaded molding. This supports a cylindrical drum of white onyx held between geometric mounts forming stepped handles, reminiscent of ancient amphorae and kraters. Sculptures of water leaves, veined foliate leaves, small rosettes, and lambrequins discreetly punctuate this area, reinforcing the verticality and nobility of the design.<\/p>\n<p>La partie sup\u00e9rieure d\u00e9ploie un bouquet de cinq lumi\u00e8res, dont quatre bras lat\u00e9raux et une lumi\u00e8re sommitale. Les bras, formant de larges volutes contourn\u00e9es et sym\u00e9triques, sont cisel\u00e9s de feuillages raffin\u00e9s et rythment l\u2019\u00e9l\u00e9vation avec leurs n\u0153uds sph\u00e9riques perl\u00e9s et leurs tiges cannel\u00e9es. Chacun porte une coupelle circulaire bord\u00e9e de perles surmont\u00e9e d\u2019un binet godronn\u00e9 en forme de calice renfl\u00e9, orn\u00e9 de canaux verticaux qui s\u2019amincissent vers la tige. La lumi\u00e8re centrale domine l\u2019ensemble, couronn\u00e9e d\u2019un motif d\u2019inspiration militaire et sacr\u00e9e compos\u00e9 de petites fl\u00e8ches pyramidales, de pinacles en goutte et d\u2019un n\u0153ud annel\u00e9, rappelant les pointes de lance, les ob\u00e9lisques miniatures ou les ornements de temples antiques. L\u2019ensemble se caract\u00e9rise par une sym\u00e9trie impeccable, une richesse d\u2019ornementation ma\u00eetris\u00e9e et une grande rigueur architecturale. Le d\u00e9cor m\u00eale acanthes, palmettes, rinceaux, feuilles d\u2019eau, motifs godronn\u00e9s, cannelures, perles, oves et dards, consoles, cartouches et panneaux appliqu\u00e9s, tous parfaitement ex\u00e9cut\u00e9s dans un bronze dor\u00e9 \u00e0 l&#8217;or d\u2019une exceptionnelle qualit\u00e9. L\u2019association du m\u00e9tal dor\u00e9 \u00e0 la pierre blanche cr\u00e9e un contraste noble et lumineux.<\/p>","protected":false},"excerpt":{"rendered":"<p>Cette paire de cand\u00e9labres en bronze finement cisel\u00e9 et dor\u00e9 \u00e0 l&#8217;or d&#8217;\u00e9poque Napol\u00e9on III vers 1860. Reposant sur des pieds toupies d\u00e9licatement perl\u00e9s et une terrasse circulaire moulur\u00e9e, chaque pi\u00e8ce se dresse sur une base tripode \u00e9largie orn\u00e9e de volutes enroul\u00e9es se terminant par de petites acanthes stylis\u00e9es. Des cartouches et panneaux appliqu\u00e9s, pos\u00e9s [&hellip;]<\/p>","protected":false},"featured_media":79345,"comment_status":"closed","ping_status":"closed","template":"","meta":{"_acf_changed":false},"product_brand":[],"product_cat":[5853],"product_tag":[],"class_list":{"0":"post-78632","1":"product","2":"type-product","3":"status-publish","4":"has-post-thumbnail","6":"product_cat-chandeliers-bougeoirs","8":"first","9":"instock","10":"shipping-taxable","11":"purchasable","12":"product-type-simple"},"acf":[],"_links":{"self":[{"href":"https:\/\/www.clockprestige.com\/en\/wp-json\/wp\/v2\/product\/78632","targetHints":{"allow":["GET"]}}],"collection":[{"href":"https:\/\/www.clockprestige.com\/en\/wp-json\/wp\/v2\/product"}],"about":[{"href":"https:\/\/www.clockprestige.com\/en\/wp-json\/wp\/v2\/types\/product"}],"replies":[{"embeddable":true,"href":"https:\/\/www.clockprestige.com\/en\/wp-json\/wp\/v2\/comments?post=78632"}],"version-history":[{"count":1,"href":"https:\/\/www.clockprestige.com\/en\/wp-json\/wp\/v2\/product\/78632\/revisions"}],"predecessor-version":[{"id":78633,"href":"https:\/\/www.clockprestige.com\/en\/wp-json\/wp\/v2\/product\/78632\/revisions\/78633"}],"wp:featuredmedia":[{"embeddable":true,"href":"https:\/\/www.clockprestige.com\/en\/wp-json\/wp\/v2\/media\/79345"}],"wp:attachment":[{"href":"https:\/\/www.clockprestige.com\/en\/wp-json\/wp\/v2\/media?parent=78632"}],"wp:term":[{"taxonomy":"product_brand","embeddable":true,"href":"https:\/\/www.clockprestige.com\/en\/wp-json\/wp\/v2\/product_brand?post=78632"},{"taxonomy":"product_cat","embeddable":true,"href":"https:\/\/www.clockprestige.com\/en\/wp-json\/wp\/v2\/product_cat?post=78632"},{"taxonomy":"product_tag","embeddable":true,"href":"https:\/\/www.clockprestige.com\/en\/wp-json\/wp\/v2\/product_tag?post=78632"}],"curies":[{"name":"wp","href":"https:\/\/api.w.org\/{rel}","templated":true}]}}