{"id":78224,"date":"2026-01-09T08:00:04","date_gmt":"2026-01-09T07:00:04","guid":{"rendered":"https:\/\/www.clockprestige.com\/?post_type=product&#038;p=78224"},"modified":"2026-01-09T08:31:50","modified_gmt":"2026-01-09T07:31:50","slug":"grande-pendule-portique-horloger-caillot-1830","status":"publish","type":"product","link":"https:\/\/www.clockprestige.com\/en\/our-objects-and-clocks\/pendules\/large-clock-portico-watchmaker-caillot-1830\/","title":{"rendered":"Large Clock portico Watchmaker : Caillot 1830"},"content":{"rendered":"<p>Pendule portique, fabuleux contraste par son bois noirci vernis au tampon et ses dorures \u00e0 l&#8217;or. Estampill\u00e9 par le fabricant de pendule et par une fabrique d&#8217;horlogerie &#8220;Caillot&#8221; qui a confectionn\u00e9 le ch\u00e2ssis du m\u00e9canisme, l&#8217;assembleur final. Le nom du second horloger a \u00e9t\u00e9 effac\u00e9, situ\u00e9 sur le cadran dans le cartouche, on peut lire partiellement gr\u00e2ce \u00e0 la diff\u00e9rence de dorure &#8220;\u00e0 Paris&#8221;.<\/p>\n<p>Architecture solide en bois recouverte d&#8217;un magnifique placage en bois noirci tr\u00e8s lisse et brillant, l&#8217;ensemble a b\u00e9n\u00e9fici\u00e9 d&#8217;un vernis au tampon apportant contraste, brillance et protection, avec un effet &#8220;miroir&#8221;. Par exemple, on voit le reflet du balancier.<\/p>\n<p>Ornementation de tr\u00e8s haute qualit\u00e9 et tr\u00e8s finement cisel\u00e9 en bronze dor\u00e9 au mercure \u00e0 l&#8217;or.<br \/>\nCadran &#8220;annulaire&#8221; compos\u00e9 d&#8217;un disque en \u00e9mail blanc.<\/p>\n<p>M\u00e9canisme d&#8217;origine sans modification, sonnerie des heures et demi-heure sur cloche ancienne.<\/p>","protected":false},"excerpt":{"rendered":"<p>Pendule portique, fabuleux contraste par son bois noirci vernis au tampon et ses dorures \u00e0 l&#8217;or. Estampill\u00e9 par le fabricant de pendule et par une fabrique d&#8217;horlogerie &#8220;Caillot&#8221; qui a confectionn\u00e9 le ch\u00e2ssis du m\u00e9canisme, l&#8217;assembleur final. Le nom du second horloger a \u00e9t\u00e9 effac\u00e9, situ\u00e9 sur le cadran dans le cartouche, on peut lire [&hellip;]<\/p>","protected":false},"featured_media":78178,"comment_status":"closed","ping_status":"closed","template":"","meta":{"_acf_changed":false},"product_brand":[],"product_cat":[5852,5856,5857],"product_tag":[],"class_list":{"0":"post-78224","1":"product","2":"type-product","3":"status-publish","4":"has-post-thumbnail","6":"product_cat-pendules","7":"product_cat-pendules-empire","8":"product_cat-portiques","10":"first","11":"instock","12":"shipping-taxable","13":"purchasable","14":"product-type-simple"},"acf":[],"_links":{"self":[{"href":"https:\/\/www.clockprestige.com\/en\/wp-json\/wp\/v2\/product\/78224","targetHints":{"allow":["GET"]}}],"collection":[{"href":"https:\/\/www.clockprestige.com\/en\/wp-json\/wp\/v2\/product"}],"about":[{"href":"https:\/\/www.clockprestige.com\/en\/wp-json\/wp\/v2\/types\/product"}],"replies":[{"embeddable":true,"href":"https:\/\/www.clockprestige.com\/en\/wp-json\/wp\/v2\/comments?post=78224"}],"version-history":[{"count":1,"href":"https:\/\/www.clockprestige.com\/en\/wp-json\/wp\/v2\/product\/78224\/revisions"}],"predecessor-version":[{"id":78225,"href":"https:\/\/www.clockprestige.com\/en\/wp-json\/wp\/v2\/product\/78224\/revisions\/78225"}],"wp:featuredmedia":[{"embeddable":true,"href":"https:\/\/www.clockprestige.com\/en\/wp-json\/wp\/v2\/media\/78178"}],"wp:attachment":[{"href":"https:\/\/www.clockprestige.com\/en\/wp-json\/wp\/v2\/media?parent=78224"}],"wp:term":[{"taxonomy":"product_brand","embeddable":true,"href":"https:\/\/www.clockprestige.com\/en\/wp-json\/wp\/v2\/product_brand?post=78224"},{"taxonomy":"product_cat","embeddable":true,"href":"https:\/\/www.clockprestige.com\/en\/wp-json\/wp\/v2\/product_cat?post=78224"},{"taxonomy":"product_tag","embeddable":true,"href":"https:\/\/www.clockprestige.com\/en\/wp-json\/wp\/v2\/product_tag?post=78224"}],"curies":[{"name":"wp","href":"https:\/\/api.w.org\/{rel}","templated":true}]}}