{"id":77835,"date":"2025-06-25T22:06:48","date_gmt":"2025-06-25T20:06:48","guid":{"rendered":"https:\/\/www.clockprestige.com\/?post_type=product&#038;p=77835"},"modified":"2025-06-25T22:28:48","modified_gmt":"2025-06-25T20:28:48","slug":"pendule-portique-marbre-de-carrare-horloger-camelin","status":"publish","type":"product","link":"https:\/\/www.clockprestige.com\/en\/our-objects-and-clocks\/pendules\/clock-portico-carrara-marble-watchmaker-camelin\/","title":{"rendered":"Clock portico Carrara marble Watchmaker : CAMELIN"},"content":{"rendered":"<p>Tr\u00e8s \u00e9l\u00e9gante pendule portique dans le style Louis XVI, d&#8217;\u00e9poque Napol\u00e9on III, sign\u00e9 Camelin, horloger r\u00e9f\u00e9renc\u00e9 dans le Tardy, dictionnaire des horlogers fran\u00e7ais. En marbre blanc de carrare, architecture \u00e0 quatre colonnes soulign\u00e9es de base et chapiteaux. Ornementation de qualit\u00e9 en bronze dor\u00e9 \u00e0 d\u00e9cor d&#8217;une large guirlande et chute de fleurs agr\u00e9ment\u00e9e de rangs de perles, rinceaux et de nombreux vases fleuris encadr\u00e9s par deux balustrades ajour\u00e9es. Large cadran bomb\u00e9 en \u00e9mail blanc d\u00e9cor\u00e9 de peintures de guirlandes de fleurs, accompagn\u00e9 d&#8217;aiguilles dor\u00e9es finement travaill\u00e9es et prot\u00e9g\u00e9 par un verre bomb\u00e9. L&#8217;espace entre les colonnes est anim\u00e9 par un beau balancier soleil.<\/p>\n<p>M\u00e9canisme d&#8217;origine sans modification. Sonnerie aux heures et demi-heures sur cloche ancienne.<\/p>","protected":false},"excerpt":{"rendered":"<p>Tr\u00e8s \u00e9l\u00e9gante pendule portique dans le style Louis XVI, d&#8217;\u00e9poque Napol\u00e9on III, sign\u00e9 Camelin, horloger r\u00e9f\u00e9renc\u00e9 dans le Tardy, dictionnaire des horlogers fran\u00e7ais. En marbre blanc de carrare, architecture \u00e0 quatre colonnes soulign\u00e9es de base et chapiteaux. Ornementation de qualit\u00e9 en bronze dor\u00e9 \u00e0 d\u00e9cor d&#8217;une large guirlande et chute de fleurs agr\u00e9ment\u00e9e de rangs [&hellip;]<\/p>","protected":false},"featured_media":77826,"comment_status":"closed","ping_status":"closed","template":"","meta":{"_acf_changed":false},"product_brand":[],"product_cat":[5852,5857,5858],"product_tag":[],"class_list":{"0":"post-77835","1":"product","2":"type-product","3":"status-publish","4":"has-post-thumbnail","6":"product_cat-pendules","7":"product_cat-portiques","8":"product_cat-portiques-louis-xvi","10":"first","11":"instock","12":"shipping-taxable","13":"purchasable","14":"product-type-simple"},"acf":[],"_links":{"self":[{"href":"https:\/\/www.clockprestige.com\/en\/wp-json\/wp\/v2\/product\/77835","targetHints":{"allow":["GET"]}}],"collection":[{"href":"https:\/\/www.clockprestige.com\/en\/wp-json\/wp\/v2\/product"}],"about":[{"href":"https:\/\/www.clockprestige.com\/en\/wp-json\/wp\/v2\/types\/product"}],"replies":[{"embeddable":true,"href":"https:\/\/www.clockprestige.com\/en\/wp-json\/wp\/v2\/comments?post=77835"}],"version-history":[{"count":1,"href":"https:\/\/www.clockprestige.com\/en\/wp-json\/wp\/v2\/product\/77835\/revisions"}],"predecessor-version":[{"id":77836,"href":"https:\/\/www.clockprestige.com\/en\/wp-json\/wp\/v2\/product\/77835\/revisions\/77836"}],"wp:featuredmedia":[{"embeddable":true,"href":"https:\/\/www.clockprestige.com\/en\/wp-json\/wp\/v2\/media\/77826"}],"wp:attachment":[{"href":"https:\/\/www.clockprestige.com\/en\/wp-json\/wp\/v2\/media?parent=77835"}],"wp:term":[{"taxonomy":"product_brand","embeddable":true,"href":"https:\/\/www.clockprestige.com\/en\/wp-json\/wp\/v2\/product_brand?post=77835"},{"taxonomy":"product_cat","embeddable":true,"href":"https:\/\/www.clockprestige.com\/en\/wp-json\/wp\/v2\/product_cat?post=77835"},{"taxonomy":"product_tag","embeddable":true,"href":"https:\/\/www.clockprestige.com\/en\/wp-json\/wp\/v2\/product_tag?post=77835"}],"curies":[{"name":"wp","href":"https:\/\/api.w.org\/{rel}","templated":true}]}}