{"id":77639,"date":"2025-01-07T20:56:15","date_gmt":"2025-01-07T19:56:15","guid":{"rendered":"https:\/\/www.clockprestige.com\/?post_type=product&#038;p=77639"},"modified":"2025-12-30T17:25:34","modified_gmt":"2025-12-30T16:25:34","slug":"bougeoirs-aux-lions-napoleon-iii-1860","status":"publish","type":"product","link":"https:\/\/www.clockprestige.com\/en\/our-objects-and-clocks\/chandeliers-bougeoirs\/pair-of-candle-to-the-lions-napoleon-iii-1860\/","title":{"rendered":"Pair of candle to the lions Napol\u00e9on III 1860"},"content":{"rendered":"<p>Tr\u00e8s haute manufacture, exceptionnelle paire de bougeoirs en bronze dor\u00e9 \u00e0 d\u00e9cor n\u00e9o-classique orn\u00e9e de mufles de lions reli\u00e9s par des tores de lauriers sur fond de cannelure. Base cylindrique, porte-bougie \u00e9quip\u00e9e d&#8217;une protection de cire d&#8217;origine et amovible. \u00c9poque Napol\u00e9on III vers 1860. <\/p>","protected":false},"excerpt":{"rendered":"<p>Tr\u00e8s haute manufacture, exceptionnelle paire de bougeoirs en bronze dor\u00e9 \u00e0 d\u00e9cor n\u00e9o-classique orn\u00e9e de mufles de lions reli\u00e9s par des tores de lauriers sur fond de cannelure. Base cylindrique, porte-bougie \u00e9quip\u00e9e d&#8217;une protection de cire d&#8217;origine et amovible. \u00c9poque Napol\u00e9on III vers 1860.<\/p>","protected":false},"featured_media":77571,"comment_status":"closed","ping_status":"closed","template":"","meta":{"_acf_changed":false},"product_brand":[],"product_cat":[5853],"product_tag":[],"class_list":{"0":"post-77639","1":"product","2":"type-product","3":"status-publish","4":"has-post-thumbnail","6":"product_cat-chandeliers-bougeoirs","8":"first","9":"outofstock","10":"shipping-taxable","11":"purchasable","12":"product-type-simple"},"acf":[],"_links":{"self":[{"href":"https:\/\/www.clockprestige.com\/en\/wp-json\/wp\/v2\/product\/77639","targetHints":{"allow":["GET"]}}],"collection":[{"href":"https:\/\/www.clockprestige.com\/en\/wp-json\/wp\/v2\/product"}],"about":[{"href":"https:\/\/www.clockprestige.com\/en\/wp-json\/wp\/v2\/types\/product"}],"replies":[{"embeddable":true,"href":"https:\/\/www.clockprestige.com\/en\/wp-json\/wp\/v2\/comments?post=77639"}],"version-history":[{"count":2,"href":"https:\/\/www.clockprestige.com\/en\/wp-json\/wp\/v2\/product\/77639\/revisions"}],"predecessor-version":[{"id":77641,"href":"https:\/\/www.clockprestige.com\/en\/wp-json\/wp\/v2\/product\/77639\/revisions\/77641"}],"wp:featuredmedia":[{"embeddable":true,"href":"https:\/\/www.clockprestige.com\/en\/wp-json\/wp\/v2\/media\/77571"}],"wp:attachment":[{"href":"https:\/\/www.clockprestige.com\/en\/wp-json\/wp\/v2\/media?parent=77639"}],"wp:term":[{"taxonomy":"product_brand","embeddable":true,"href":"https:\/\/www.clockprestige.com\/en\/wp-json\/wp\/v2\/product_brand?post=77639"},{"taxonomy":"product_cat","embeddable":true,"href":"https:\/\/www.clockprestige.com\/en\/wp-json\/wp\/v2\/product_cat?post=77639"},{"taxonomy":"product_tag","embeddable":true,"href":"https:\/\/www.clockprestige.com\/en\/wp-json\/wp\/v2\/product_tag?post=77639"}],"curies":[{"name":"wp","href":"https:\/\/api.w.org\/{rel}","templated":true}]}}