{"id":76482,"date":"2025-01-06T20:52:39","date_gmt":"2025-01-06T19:52:39","guid":{"rendered":"https:\/\/www.clockprestige.com\/?post_type=product&#038;p=76482"},"modified":"2025-06-19T18:50:50","modified_gmt":"2025-06-19T16:50:50","slug":"paire-de-chandeliers-en-marbre-et-bronze-dore","status":"publish","type":"product","link":"https:\/\/www.clockprestige.com\/en\/our-objects-and-clocks\/chandeliers-bougeoirs\/pair-of-candlesticks-in-marble-and-gilt-bronze\/","title":{"rendered":"Pair of candlesticks in marble and gilt bronze"},"content":{"rendered":"<p>Harmonieuse petite paire de chandeliers en bronze dor\u00e9 \u00e0 deux feux de lumi\u00e8res, architecture ajour\u00e9e quadripode agr\u00e9ment\u00e9e d&#8217;une partie centrale torsad\u00e9e. Chaque porte-bougie est \u00e9quip\u00e9 d&#8217;une protection de cire d&#8217;origine et amovible. Ils reposent sur une base en marbre blanc de Carrare. \u00c9poque Napol\u00e9on III vers 1880.<\/p>","protected":false},"excerpt":{"rendered":"<p>Harmonieuse petite paire de chandeliers en bronze dor\u00e9 \u00e0 deux feux de lumi\u00e8res, architecture ajour\u00e9e quadripode agr\u00e9ment\u00e9e d&#8217;une partie centrale torsad\u00e9e. Chaque porte-bougie est \u00e9quip\u00e9 d&#8217;une protection de cire d&#8217;origine et amovible. Ils reposent sur une base en marbre blanc de Carrare. \u00c9poque Napol\u00e9on III vers 1880.<\/p>","protected":false},"featured_media":76461,"comment_status":"closed","ping_status":"closed","template":"","meta":{"_acf_changed":false},"product_brand":[],"product_cat":[5853],"product_tag":[],"class_list":{"0":"post-76482","1":"product","2":"type-product","3":"status-publish","4":"has-post-thumbnail","6":"product_cat-chandeliers-bougeoirs","8":"first","9":"outofstock","10":"shipping-taxable","11":"purchasable","12":"product-type-simple"},"acf":[],"_links":{"self":[{"href":"https:\/\/www.clockprestige.com\/en\/wp-json\/wp\/v2\/product\/76482","targetHints":{"allow":["GET"]}}],"collection":[{"href":"https:\/\/www.clockprestige.com\/en\/wp-json\/wp\/v2\/product"}],"about":[{"href":"https:\/\/www.clockprestige.com\/en\/wp-json\/wp\/v2\/types\/product"}],"replies":[{"embeddable":true,"href":"https:\/\/www.clockprestige.com\/en\/wp-json\/wp\/v2\/comments?post=76482"}],"version-history":[{"count":1,"href":"https:\/\/www.clockprestige.com\/en\/wp-json\/wp\/v2\/product\/76482\/revisions"}],"predecessor-version":[{"id":77702,"href":"https:\/\/www.clockprestige.com\/en\/wp-json\/wp\/v2\/product\/76482\/revisions\/77702"}],"wp:featuredmedia":[{"embeddable":true,"href":"https:\/\/www.clockprestige.com\/en\/wp-json\/wp\/v2\/media\/76461"}],"wp:attachment":[{"href":"https:\/\/www.clockprestige.com\/en\/wp-json\/wp\/v2\/media?parent=76482"}],"wp:term":[{"taxonomy":"product_brand","embeddable":true,"href":"https:\/\/www.clockprestige.com\/en\/wp-json\/wp\/v2\/product_brand?post=76482"},{"taxonomy":"product_cat","embeddable":true,"href":"https:\/\/www.clockprestige.com\/en\/wp-json\/wp\/v2\/product_cat?post=76482"},{"taxonomy":"product_tag","embeddable":true,"href":"https:\/\/www.clockprestige.com\/en\/wp-json\/wp\/v2\/product_tag?post=76482"}],"curies":[{"name":"wp","href":"https:\/\/api.w.org\/{rel}","templated":true}]}}