{"id":76243,"date":"2025-01-01T19:46:31","date_gmt":"2025-01-01T18:46:31","guid":{"rendered":"https:\/\/www.clockprestige.com\/?post_type=product&#038;p=76243"},"modified":"2025-03-07T16:43:38","modified_gmt":"2025-03-07T15:43:38","slug":"pendule-lyre-en-bois-de-loupe-xixeme","status":"publish","type":"product","link":"https:\/\/www.clockprestige.com\/en\/our-objects-and-clocks\/pendules\/clock-lyre-made-of-burl-wood-xixeme\/","title":{"rendered":"Clock Lyre made of burl wood XIX\u00e8me"},"content":{"rendered":"<p>Harmonieuse et pr\u00e9cieuse pendule en forme de lyre constitu\u00e9e en bois de loupe massif, recouverte d&#8217;un vernis au tampon apportant brillance, contraste et protection. Riche ornementation de qualit\u00e9 en bronze dor\u00e9 finement cisel\u00e9 \u00e0 d\u00e9cor de rang de perles, frises et chutes de fleurs, et au sommet triomphe un soleil rayonnant. Deux branches de lauriers encadrent le cadran bomb\u00e9 en \u00e9mail finement travaill\u00e9, de peinture color\u00e9e, de guirlandes de fleurs, accompagn\u00e9 d&#8217;aiguilles, chacune \u00e0 d\u00e9cor d&#8217;une lyre, cadran prot\u00e9g\u00e9 par un verre bomb\u00e9.<br \/>\nStyle Louis XVI, d&#8217;\u00e9poque Napol\u00e9on III.<\/p>\n<p>M\u00e9canisme d&#8217;origine sans modification, sonnerie aux heures et demi-heures sur cloche ancienne.<\/p>","protected":false},"excerpt":{"rendered":"<p>Harmonieuse et pr\u00e9cieuse pendule en forme de lyre constitu\u00e9e en bois de loupe massif, recouverte d&#8217;un vernis au tampon apportant brillance, contraste et protection. Riche ornementation de qualit\u00e9 en bronze dor\u00e9 finement cisel\u00e9 \u00e0 d\u00e9cor de rang de perles, frises et chutes de fleurs, et au sommet triomphe un soleil rayonnant. Deux branches de lauriers [&hellip;]<\/p>","protected":false},"featured_media":76229,"comment_status":"closed","ping_status":"closed","template":"","meta":{"_acf_changed":false},"product_brand":[],"product_cat":[5852],"product_tag":[],"class_list":{"0":"post-76243","1":"product","2":"type-product","3":"status-publish","4":"has-post-thumbnail","6":"product_cat-pendules","8":"first","9":"outofstock","10":"shipping-taxable","11":"purchasable","12":"product-type-simple"},"acf":[],"_links":{"self":[{"href":"https:\/\/www.clockprestige.com\/en\/wp-json\/wp\/v2\/product\/76243","targetHints":{"allow":["GET"]}}],"collection":[{"href":"https:\/\/www.clockprestige.com\/en\/wp-json\/wp\/v2\/product"}],"about":[{"href":"https:\/\/www.clockprestige.com\/en\/wp-json\/wp\/v2\/types\/product"}],"replies":[{"embeddable":true,"href":"https:\/\/www.clockprestige.com\/en\/wp-json\/wp\/v2\/comments?post=76243"}],"version-history":[{"count":0,"href":"https:\/\/www.clockprestige.com\/en\/wp-json\/wp\/v2\/product\/76243\/revisions"}],"wp:featuredmedia":[{"embeddable":true,"href":"https:\/\/www.clockprestige.com\/en\/wp-json\/wp\/v2\/media\/76229"}],"wp:attachment":[{"href":"https:\/\/www.clockprestige.com\/en\/wp-json\/wp\/v2\/media?parent=76243"}],"wp:term":[{"taxonomy":"product_brand","embeddable":true,"href":"https:\/\/www.clockprestige.com\/en\/wp-json\/wp\/v2\/product_brand?post=76243"},{"taxonomy":"product_cat","embeddable":true,"href":"https:\/\/www.clockprestige.com\/en\/wp-json\/wp\/v2\/product_cat?post=76243"},{"taxonomy":"product_tag","embeddable":true,"href":"https:\/\/www.clockprestige.com\/en\/wp-json\/wp\/v2\/product_tag?post=76243"}],"curies":[{"name":"wp","href":"https:\/\/api.w.org\/{rel}","templated":true}]}}