{"id":73135,"date":"2023-02-01T13:58:08","date_gmt":"2023-02-01T12:58:08","guid":{"rendered":"https:\/\/clockprestige.com\/?post_type=product&#038;p=73135"},"modified":"2024-03-24T16:12:59","modified_gmt":"2024-03-24T15:12:59","slug":"pendule-colonne-en-marbre-napoleon-iii","status":"publish","type":"product","link":"https:\/\/www.clockprestige.com\/en\/our-objects-and-clocks\/pendules\/clock-column-in-marble-napoleon-iii\/","title":{"rendered":"Clock column in marble Napol\u00e9on III"},"content":{"rendered":"<p>Pendule d&#8217;\u00e9poque Napol\u00e9on III dans le style Louis XVI. Constitu\u00e9 en marbre de carrare massif formant une colonne \u00e0 cannelure accueillant en fa\u00e7ade le cadran et un contour d&#8217;ornementation de qualit\u00e9 finement cisel\u00e9 en bronze dor\u00e9. dans un d\u00e9cor d&#8217;angelots musiciens, rinceaux, feuillage et guirlande.<\/p>\n<p>Cadran bomb\u00e9 en \u00e9mail blanc ornement\u00e9 de guirlandes de fleurs en peinture color\u00e9es et accompagn\u00e9 d&#8217;aiguilles dor\u00e9es finement travaill\u00e9, l&#8217;ensemble prot\u00e9g\u00e9 par un verre bomb\u00e9.<\/p>\n<p class=\"translation-block\">Cette pendule peut servir de pr\u00e9sentoir pour une sculpture.<br>\r\nSurface haute du socle : 15 cm<\/p>\n<p>M\u00e9canisme d&#8217;origine sans modification. Sonnerie des heure et demi-heure sur cloche ancienne.\u00a0<\/p>","protected":false},"excerpt":{"rendered":"<p>Pendule d&#8217;\u00e9poque Napol\u00e9on III dans le style Louis XVI. Constitu\u00e9 en marbre de carrare massif formant une colonne \u00e0 cannelure accueillant en fa\u00e7ade le cadran et un contour d&#8217;ornementation de qualit\u00e9 finement cisel\u00e9 en bronze dor\u00e9. dans un d\u00e9cor d&#8217;angelots musiciens, rinceaux, feuillage et guirlande. Cadran bomb\u00e9 en \u00e9mail blanc ornement\u00e9 de guirlandes de fleurs [&hellip;]<\/p>","protected":false},"featured_media":73090,"comment_status":"closed","ping_status":"closed","template":"","meta":{"_acf_changed":false},"product_brand":[],"product_cat":[5852],"product_tag":[],"class_list":{"0":"post-73135","1":"product","2":"type-product","3":"status-publish","4":"has-post-thumbnail","6":"product_cat-pendules","8":"first","9":"outofstock","10":"shipping-taxable","11":"purchasable","12":"product-type-simple"},"acf":[],"_links":{"self":[{"href":"https:\/\/www.clockprestige.com\/en\/wp-json\/wp\/v2\/product\/73135","targetHints":{"allow":["GET"]}}],"collection":[{"href":"https:\/\/www.clockprestige.com\/en\/wp-json\/wp\/v2\/product"}],"about":[{"href":"https:\/\/www.clockprestige.com\/en\/wp-json\/wp\/v2\/types\/product"}],"replies":[{"embeddable":true,"href":"https:\/\/www.clockprestige.com\/en\/wp-json\/wp\/v2\/comments?post=73135"}],"version-history":[{"count":0,"href":"https:\/\/www.clockprestige.com\/en\/wp-json\/wp\/v2\/product\/73135\/revisions"}],"wp:featuredmedia":[{"embeddable":true,"href":"https:\/\/www.clockprestige.com\/en\/wp-json\/wp\/v2\/media\/73090"}],"wp:attachment":[{"href":"https:\/\/www.clockprestige.com\/en\/wp-json\/wp\/v2\/media?parent=73135"}],"wp:term":[{"taxonomy":"product_brand","embeddable":true,"href":"https:\/\/www.clockprestige.com\/en\/wp-json\/wp\/v2\/product_brand?post=73135"},{"taxonomy":"product_cat","embeddable":true,"href":"https:\/\/www.clockprestige.com\/en\/wp-json\/wp\/v2\/product_cat?post=73135"},{"taxonomy":"product_tag","embeddable":true,"href":"https:\/\/www.clockprestige.com\/en\/wp-json\/wp\/v2\/product_tag?post=73135"}],"curies":[{"name":"wp","href":"https:\/\/api.w.org\/{rel}","templated":true}]}}