{"id":71987,"date":"2022-01-13T16:48:14","date_gmt":"2022-01-13T15:48:14","guid":{"rendered":"https:\/\/clockprestige.com\/?post_type=product&#038;p=71987"},"modified":"2023-09-19T19:07:40","modified_gmt":"2023-09-19T17:07:40","slug":"pendule-cage-en-bronze-et-verre-revel-a-paris","status":"publish","type":"product","link":"https:\/\/www.clockprestige.com\/en\/our-objects-and-clocks\/pendules\/clock-in-bronze-and-glass-revel-a-paris\/","title":{"rendered":"Clock in bronze and glass REVEL A PARIS"},"content":{"rendered":"<p>Luxueuse pendule cage d&#8217;\u00e9poque Napol\u00e9on III de style Louis XVI. Quatre faces vitr\u00e9es, ornementation de qualit\u00e9 bien grasse et finement cisel\u00e9e en bronze dor\u00e9 \u00e0 l&#8217;or mat et brillant \u00e0 d\u00e9cor de rubans, chute en grappe de fruits et rinceau feuillag\u00e9. Large cadran bomb\u00e9 en \u00e9mail blanc d\u00e9cor\u00e9 de guirlandes fleurie en peinture color\u00e9, aiguilles finement travaill\u00e9es, l&#8217;ensemble prot\u00e9g\u00e9 par un verre bomb\u00e9.<\/p>\n<p>Orn\u00e9 au sommet d&#8217;une magnifique vasque fleurie \u00e9quip\u00e9 d&#8217;anses.<br \/>\nBase rectangulaire en marbre blanc de carrare orn\u00e9 d&#8217;une frise \u00e0 rinceaux.<br \/>\nL&#8217;int\u00e9rieur est anim\u00e9 par un balancier soleil.<\/p>\n<p>Mouvement d&#8217;origine sans modification, sonnerie des heures et demi-heure sur cloche ancienne.<\/p>\n<p>Sign\u00e9 sur le cadran et \u00e9galement sur la platine du m\u00e9canisme &#8220;Revel \u00e0 Paris&#8221;, horloger r\u00e9f\u00e9renc\u00e9 dans le Tardy, dictionnaire des horlogers fran\u00e7ais.<\/p>","protected":false},"excerpt":{"rendered":"<p>Luxueuse pendule cage d&#8217;\u00e9poque Napol\u00e9on III de style Louis XVI. Quatre faces vitr\u00e9es, ornementation de qualit\u00e9 bien grasse et finement cisel\u00e9e en bronze dor\u00e9 \u00e0 l&#8217;or mat et brillant \u00e0 d\u00e9cor de rubans, chute en grappe de fruits et rinceau feuillag\u00e9. Large cadran bomb\u00e9 en \u00e9mail blanc d\u00e9cor\u00e9 de guirlandes fleurie en peinture color\u00e9, aiguilles [&hellip;]<\/p>","protected":false},"featured_media":71964,"comment_status":"closed","ping_status":"closed","template":"","meta":{"_acf_changed":false},"product_brand":[],"product_cat":[5852,5857],"product_tag":[],"class_list":{"0":"post-71987","1":"product","2":"type-product","3":"status-publish","4":"has-post-thumbnail","6":"product_cat-pendules","7":"product_cat-portiques","9":"first","10":"outofstock","11":"shipping-taxable","12":"purchasable","13":"product-type-simple"},"acf":[],"_links":{"self":[{"href":"https:\/\/www.clockprestige.com\/en\/wp-json\/wp\/v2\/product\/71987","targetHints":{"allow":["GET"]}}],"collection":[{"href":"https:\/\/www.clockprestige.com\/en\/wp-json\/wp\/v2\/product"}],"about":[{"href":"https:\/\/www.clockprestige.com\/en\/wp-json\/wp\/v2\/types\/product"}],"replies":[{"embeddable":true,"href":"https:\/\/www.clockprestige.com\/en\/wp-json\/wp\/v2\/comments?post=71987"}],"version-history":[{"count":0,"href":"https:\/\/www.clockprestige.com\/en\/wp-json\/wp\/v2\/product\/71987\/revisions"}],"wp:featuredmedia":[{"embeddable":true,"href":"https:\/\/www.clockprestige.com\/en\/wp-json\/wp\/v2\/media\/71964"}],"wp:attachment":[{"href":"https:\/\/www.clockprestige.com\/en\/wp-json\/wp\/v2\/media?parent=71987"}],"wp:term":[{"taxonomy":"product_brand","embeddable":true,"href":"https:\/\/www.clockprestige.com\/en\/wp-json\/wp\/v2\/product_brand?post=71987"},{"taxonomy":"product_cat","embeddable":true,"href":"https:\/\/www.clockprestige.com\/en\/wp-json\/wp\/v2\/product_cat?post=71987"},{"taxonomy":"product_tag","embeddable":true,"href":"https:\/\/www.clockprestige.com\/en\/wp-json\/wp\/v2\/product_tag?post=71987"}],"curies":[{"name":"wp","href":"https:\/\/api.w.org\/{rel}","templated":true}]}}