{"id":71569,"date":"2021-12-21T22:07:04","date_gmt":"2021-12-21T21:07:04","guid":{"rendered":"https:\/\/clockprestige.com\/?post_type=product&#038;p=71569"},"modified":"2022-08-14T17:36:30","modified_gmt":"2022-08-14T15:36:30","slug":"paire-de-chandeliers-style-empire-xixeme-2","status":"publish","type":"product","link":"https:\/\/www.clockprestige.com\/en\/our-objects-and-clocks\/chandeliers-bougeoirs\/pair-of-candlesticks-19th-century-empire-style\/","title":{"rendered":"Pair of candlesticks 19th century Empire style"},"content":{"rendered":"<p>Grande paire de chandeliers, mod\u00e8le peu courant tr\u00e8s Empire, d&#8217;\u00e9poque Napol\u00e9on III. Architecture en marbre massive de qualit\u00e9 de couleur jaune de sienne. Large chandelier \u00e0 cinq feux de lumi\u00e8res finement cisel\u00e9 de feuilles d&#8217;acanthe, fleurs et d&#8217;enroulement finissant par une rosace. Base carr\u00e9e orn\u00e9e de fl\u00e8ches dans une couronne. Les portes bougie sont \u00e9quip\u00e9s de leurs bob\u00e8ches d&#8217;origine et amovibles.<\/p>","protected":false},"excerpt":{"rendered":"<p>Grande paire de chandeliers, mod\u00e8le peu courant tr\u00e8s Empire, d&#8217;\u00e9poque Napol\u00e9on III. Architecture en marbre massive de qualit\u00e9 de couleur jaune de sienne. Large chandelier \u00e0 cinq feux de lumi\u00e8res finement cisel\u00e9 de feuilles d&#8217;acanthe, fleurs et d&#8217;enroulement finissant par une rosace. Base carr\u00e9e orn\u00e9e de fl\u00e8ches dans une couronne. Les portes bougie sont \u00e9quip\u00e9s [&hellip;]<\/p>","protected":false},"featured_media":71530,"comment_status":"closed","ping_status":"closed","template":"","meta":{"_acf_changed":false},"product_brand":[],"product_cat":[5853],"product_tag":[],"class_list":{"0":"post-71569","1":"product","2":"type-product","3":"status-publish","4":"has-post-thumbnail","6":"product_cat-chandeliers-bougeoirs","8":"first","9":"outofstock","10":"shipping-taxable","11":"purchasable","12":"product-type-simple"},"acf":[],"_links":{"self":[{"href":"https:\/\/www.clockprestige.com\/en\/wp-json\/wp\/v2\/product\/71569","targetHints":{"allow":["GET"]}}],"collection":[{"href":"https:\/\/www.clockprestige.com\/en\/wp-json\/wp\/v2\/product"}],"about":[{"href":"https:\/\/www.clockprestige.com\/en\/wp-json\/wp\/v2\/types\/product"}],"replies":[{"embeddable":true,"href":"https:\/\/www.clockprestige.com\/en\/wp-json\/wp\/v2\/comments?post=71569"}],"version-history":[{"count":0,"href":"https:\/\/www.clockprestige.com\/en\/wp-json\/wp\/v2\/product\/71569\/revisions"}],"wp:featuredmedia":[{"embeddable":true,"href":"https:\/\/www.clockprestige.com\/en\/wp-json\/wp\/v2\/media\/71530"}],"wp:attachment":[{"href":"https:\/\/www.clockprestige.com\/en\/wp-json\/wp\/v2\/media?parent=71569"}],"wp:term":[{"taxonomy":"product_brand","embeddable":true,"href":"https:\/\/www.clockprestige.com\/en\/wp-json\/wp\/v2\/product_brand?post=71569"},{"taxonomy":"product_cat","embeddable":true,"href":"https:\/\/www.clockprestige.com\/en\/wp-json\/wp\/v2\/product_cat?post=71569"},{"taxonomy":"product_tag","embeddable":true,"href":"https:\/\/www.clockprestige.com\/en\/wp-json\/wp\/v2\/product_tag?post=71569"}],"curies":[{"name":"wp","href":"https:\/\/api.w.org\/{rel}","templated":true}]}}