{"id":69077,"date":"2021-12-24T14:49:29","date_gmt":"2021-12-24T13:49:29","guid":{"rendered":"https:\/\/kyiygtl.cluster024.hosting.ovh.net\/produit\/pendule-portique-style-empire-epoque-napoleon-iii\/"},"modified":"2022-06-07T07:59:36","modified_gmt":"2022-06-07T05:59:36","slug":"pendule-portique-style-empire-epoque-napoleon-iii","status":"publish","type":"product","link":"https:\/\/www.clockprestige.com\/en\/our-objects-and-clocks\/pendules-empire\/clock-portico-style-empire-era-napoleon-iii\/","title":{"rendered":"Clock Portico Style Empire Era Napol\u00e9on III"},"content":{"rendered":"<p>Tr\u00e8s belle pendule portique dans le style Empire, d&#8217;\u00e9poque Napol\u00e9on III. Architecture en marbre de carrare \u00e0 deux colonnes. Riche ornementation de qualit\u00e9 en bronze cisel\u00e9 et dor\u00e9. D\u00e9cor de cariatides, palmettes, rosaces, draperies en forme de chim\u00e8res, \u00e9pis de bl\u00e9 et au sommet un magnifique aigle aux ailes d\u00e9ploy\u00e9es et d&#8217;un serpent sillonnant les rochers. Cadran en \u00e9mail blanc bomb\u00e9 et ses fines aiguilles dor\u00e9es, ensemble prot\u00e9g\u00e9 par un verre bomb\u00e9. Large balancier cisel\u00e9 du masque de Bacchus.<\/p>\n<p>Very well proportioned portico with a beautiful contrast between marble and gilded bronze, pendulum very pleasant to watch.<\/p>\n<p>M\u00e9canisme d&#8217;origine, sonnerie des heure et demi-heure sur cloche ancienne.<\/p>\n<p>Perfect authenticity and a remarkable state of conservation.<\/p>","protected":false},"excerpt":{"rendered":"<p>Tr\u00e8s belle pendule portique dans le style Empire, d&#8217;\u00e9poque Napol\u00e9on III. Architecture en marbre de carrare \u00e0 deux colonnes. Riche ornementation de qualit\u00e9 en bronze cisel\u00e9 et dor\u00e9. D\u00e9cor de cariatides, palmettes, rosaces, draperies en forme de chim\u00e8res, \u00e9pis de bl\u00e9 et au sommet un magnifique aigle aux ailes d\u00e9ploy\u00e9es et d&#8217;un serpent sillonnant les [&hellip;]<\/p>","protected":false},"featured_media":69079,"comment_status":"closed","ping_status":"closed","template":"","meta":{"_acf_changed":false},"product_brand":[],"product_cat":[5856,5858],"product_tag":[],"class_list":{"0":"post-69077","1":"product","2":"type-product","3":"status-publish","4":"has-post-thumbnail","6":"product_cat-pendules-empire","7":"product_cat-portiques-louis-xvi","9":"first","10":"outofstock","11":"purchasable","12":"product-type-simple"},"acf":[],"_links":{"self":[{"href":"https:\/\/www.clockprestige.com\/en\/wp-json\/wp\/v2\/product\/69077","targetHints":{"allow":["GET"]}}],"collection":[{"href":"https:\/\/www.clockprestige.com\/en\/wp-json\/wp\/v2\/product"}],"about":[{"href":"https:\/\/www.clockprestige.com\/en\/wp-json\/wp\/v2\/types\/product"}],"replies":[{"embeddable":true,"href":"https:\/\/www.clockprestige.com\/en\/wp-json\/wp\/v2\/comments?post=69077"}],"version-history":[{"count":0,"href":"https:\/\/www.clockprestige.com\/en\/wp-json\/wp\/v2\/product\/69077\/revisions"}],"wp:featuredmedia":[{"embeddable":true,"href":"https:\/\/www.clockprestige.com\/en\/wp-json\/wp\/v2\/media\/69079"}],"wp:attachment":[{"href":"https:\/\/www.clockprestige.com\/en\/wp-json\/wp\/v2\/media?parent=69077"}],"wp:term":[{"taxonomy":"product_brand","embeddable":true,"href":"https:\/\/www.clockprestige.com\/en\/wp-json\/wp\/v2\/product_brand?post=69077"},{"taxonomy":"product_cat","embeddable":true,"href":"https:\/\/www.clockprestige.com\/en\/wp-json\/wp\/v2\/product_cat?post=69077"},{"taxonomy":"product_tag","embeddable":true,"href":"https:\/\/www.clockprestige.com\/en\/wp-json\/wp\/v2\/product_tag?post=69077"}],"curies":[{"name":"wp","href":"https:\/\/api.w.org\/{rel}","templated":true}]}}