{"id":68836,"date":"2021-12-23T14:40:37","date_gmt":"2021-12-23T13:40:37","guid":{"rendered":"https:\/\/kyiygtl.cluster024.hosting.ovh.net\/produit\/pendule-portique-empire-marbre-et-bronze-dore-2\/"},"modified":"2021-12-24T00:34:14","modified_gmt":"2021-12-23T23:34:14","slug":"pendule-portique-empire-marbre-et-bronze-dore-2","status":"publish","type":"product","link":"https:\/\/www.clockprestige.com\/en\/our-objects-and-clocks\/portiques\/pendule-portique-empire-marbre-et-bronze-dore-2\/","title":{"rendered":"Pendule portique Empire, marbre et bronze dor\u00e9"},"content":{"rendered":"<p>Pendule portique en marbre vert de mer et riche ornementation en bronze dor\u00e9, architecture \u00e0 quatre colonnes, anim\u00e9e par un balancier rond cisel\u00e9 de palmettes. Cadran en bronze dor\u00e9 soulign\u00e9 par une lunette d\u00e9cor\u00e9e de feuilles d&#8217;eau. L&#8217;ensemble est lumineux, un mod\u00e8le peu courant et d&#8217;excellente qualit\u00e9. De style Empire, d&#8217;\u00e9poque Napol\u00e9on III.<\/p>\n<p>Mouvement d&#8217;origine sans modification, sonnerie des heures et demi-heure sur cloche ancienne.<\/p>","protected":false},"excerpt":{"rendered":"<p>Pendule portique en marbre vert de mer et riche ornementation en bronze dor\u00e9, architecture \u00e0 quatre colonnes, anim\u00e9e par un balancier rond cisel\u00e9 de palmettes. Cadran en bronze dor\u00e9 soulign\u00e9 par une lunette d\u00e9cor\u00e9e de feuilles d&#8217;eau. L&#8217;ensemble est lumineux, un mod\u00e8le peu courant et d&#8217;excellente qualit\u00e9. De style Empire, d&#8217;\u00e9poque Napol\u00e9on III. Mouvement d&#8217;origine [&hellip;]<\/p>","protected":false},"featured_media":67164,"comment_status":"closed","ping_status":"open","template":"","meta":{"_acf_changed":false},"product_brand":[],"product_cat":[5857],"product_tag":[],"class_list":{"0":"post-68836","1":"product","2":"type-product","3":"status-publish","4":"has-post-thumbnail","6":"product_cat-portiques","8":"first","9":"outofstock","10":"purchasable","11":"product-type-simple"},"acf":[],"_links":{"self":[{"href":"https:\/\/www.clockprestige.com\/en\/wp-json\/wp\/v2\/product\/68836","targetHints":{"allow":["GET"]}}],"collection":[{"href":"https:\/\/www.clockprestige.com\/en\/wp-json\/wp\/v2\/product"}],"about":[{"href":"https:\/\/www.clockprestige.com\/en\/wp-json\/wp\/v2\/types\/product"}],"replies":[{"embeddable":true,"href":"https:\/\/www.clockprestige.com\/en\/wp-json\/wp\/v2\/comments?post=68836"}],"version-history":[{"count":0,"href":"https:\/\/www.clockprestige.com\/en\/wp-json\/wp\/v2\/product\/68836\/revisions"}],"wp:featuredmedia":[{"embeddable":true,"href":"https:\/\/www.clockprestige.com\/en\/wp-json\/wp\/v2\/media\/67164"}],"wp:attachment":[{"href":"https:\/\/www.clockprestige.com\/en\/wp-json\/wp\/v2\/media?parent=68836"}],"wp:term":[{"taxonomy":"product_brand","embeddable":true,"href":"https:\/\/www.clockprestige.com\/en\/wp-json\/wp\/v2\/product_brand?post=68836"},{"taxonomy":"product_cat","embeddable":true,"href":"https:\/\/www.clockprestige.com\/en\/wp-json\/wp\/v2\/product_cat?post=68836"},{"taxonomy":"product_tag","embeddable":true,"href":"https:\/\/www.clockprestige.com\/en\/wp-json\/wp\/v2\/product_tag?post=68836"}],"curies":[{"name":"wp","href":"https:\/\/api.w.org\/{rel}","templated":true}]}}