{"id":68818,"date":"2021-12-23T14:40:37","date_gmt":"2021-12-23T13:40:37","guid":{"rendered":"https:\/\/kyiygtl.cluster024.hosting.ovh.net\/produit\/grand-pendule-portique-en-marqueterie-napoleon-iii-2\/"},"modified":"2021-12-24T00:34:13","modified_gmt":"2021-12-23T23:34:13","slug":"grand-pendule-portique-en-marqueterie-napoleon-iii-2","status":"publish","type":"product","link":"https:\/\/www.clockprestige.com\/en\/our-objects-and-clocks\/portiques\/grand-pendule-portique-en-marqueterie-napoleon-iii-2\/","title":{"rendered":"Grand pendule portique en marqueterie Napol\u00e9on III"},"content":{"rendered":"<p>Pendule portique de forme ondul\u00e9e en placage de bois d&#8217;\u00e9b\u00e8ne et marqueterie sur le devant, admirable travaille d&#8217;incrustation de laiton dor\u00e9, d&#8217;\u00e9cailles de tortue et de nacres. Grand cadran en \u00e9mail blanc soulign\u00e9 par un large entourage en bronze dor\u00e9 cisel\u00e9 .<\/p>\n<p>Balancier oscillant d&#8217;une belle amplitude en fonctionnement, il occupe l&#8217;espace entre les colonnes. Son \u00e9tat de conservation en fait une pi\u00e8ce rare et de grande valeur. Vernis au tampon ajoute brillance, contraste et une bonne protection. Epoque Napol\u00e9on III.<\/p>\n<p>Sonnerie des heure et demi-heure sur cloche ancienne.<\/p>","protected":false},"excerpt":{"rendered":"<p>Pendule portique de forme ondul\u00e9e en placage de bois d&#8217;\u00e9b\u00e8ne et marqueterie sur le devant, admirable travaille d&#8217;incrustation de laiton dor\u00e9, d&#8217;\u00e9cailles de tortue et de nacres. Grand cadran en \u00e9mail blanc soulign\u00e9 par un large entourage en bronze dor\u00e9 cisel\u00e9 . Balancier oscillant d&#8217;une belle amplitude en fonctionnement, il occupe l&#8217;espace entre les colonnes. [&hellip;]<\/p>","protected":false},"featured_media":67018,"comment_status":"closed","ping_status":"open","template":"","meta":{"_acf_changed":false},"product_brand":[],"product_cat":[5857],"product_tag":[],"class_list":{"0":"post-68818","1":"product","2":"type-product","3":"status-publish","4":"has-post-thumbnail","6":"product_cat-portiques","8":"first","9":"outofstock","10":"purchasable","11":"product-type-simple"},"acf":[],"_links":{"self":[{"href":"https:\/\/www.clockprestige.com\/en\/wp-json\/wp\/v2\/product\/68818","targetHints":{"allow":["GET"]}}],"collection":[{"href":"https:\/\/www.clockprestige.com\/en\/wp-json\/wp\/v2\/product"}],"about":[{"href":"https:\/\/www.clockprestige.com\/en\/wp-json\/wp\/v2\/types\/product"}],"replies":[{"embeddable":true,"href":"https:\/\/www.clockprestige.com\/en\/wp-json\/wp\/v2\/comments?post=68818"}],"version-history":[{"count":0,"href":"https:\/\/www.clockprestige.com\/en\/wp-json\/wp\/v2\/product\/68818\/revisions"}],"wp:featuredmedia":[{"embeddable":true,"href":"https:\/\/www.clockprestige.com\/en\/wp-json\/wp\/v2\/media\/67018"}],"wp:attachment":[{"href":"https:\/\/www.clockprestige.com\/en\/wp-json\/wp\/v2\/media?parent=68818"}],"wp:term":[{"taxonomy":"product_brand","embeddable":true,"href":"https:\/\/www.clockprestige.com\/en\/wp-json\/wp\/v2\/product_brand?post=68818"},{"taxonomy":"product_cat","embeddable":true,"href":"https:\/\/www.clockprestige.com\/en\/wp-json\/wp\/v2\/product_cat?post=68818"},{"taxonomy":"product_tag","embeddable":true,"href":"https:\/\/www.clockprestige.com\/en\/wp-json\/wp\/v2\/product_tag?post=68818"}],"curies":[{"name":"wp","href":"https:\/\/api.w.org\/{rel}","templated":true}]}}