{"id":67945,"date":"2021-12-23T13:56:25","date_gmt":"2021-12-23T12:56:25","guid":{"rendered":"https:\/\/kyiygtl.cluster024.hosting.ovh.net\/produit\/paire-de-bougeoirs-en-bronze-dore-et-bronze-cloisonne\/"},"modified":"2021-12-23T13:56:30","modified_gmt":"2021-12-23T12:56:30","slug":"paire-de-bougeoirs-en-bronze-dore-et-bronze-cloisonne","status":"publish","type":"product","link":"https:\/\/www.clockprestige.com\/en\/our-objects-and-clocks\/chandeliers-bougeoirs\/paire-de-bougeoirs-en-bronze-dore-et-bronze-cloisonne\/","title":{"rendered":"Paire de bougeoirs en bronze dor\u00e9 et bronze cloisonn\u00e9"},"content":{"rendered":"<p>Paire de bougeoirs d&#8217;excellente manufacture \u00e0 d\u00e9cor de jeunes faunes en bronze dor\u00e9. le porte-bougie et la base en bronze cloisonn\u00e9 tr\u00e8s attrayant (technique d&#8217;orf\u00e8vrerie, motifs \u00e0 l&#8217;aide d&#8217;une mince bandelette m\u00e9tallique, les alv\u00e9oles ainsi obtenues sont remplies d&#8217;\u00e9mail). Base en marbre onyx. Parfait \u00e9tat, \u00e9poque Napol\u00e9on III.<\/p>","protected":false},"excerpt":{"rendered":"<p>Paire de bougeoirs d&#8217;excellente manufacture \u00e0 d\u00e9cor de jeunes faunes en bronze dor\u00e9. le porte-bougie et la base en bronze cloisonn\u00e9 tr\u00e8s attrayant (technique d&#8217;orf\u00e8vrerie, motifs \u00e0 l&#8217;aide d&#8217;une mince bandelette m\u00e9tallique, les alv\u00e9oles ainsi obtenues sont remplies d&#8217;\u00e9mail). Base en marbre onyx. Parfait \u00e9tat, \u00e9poque Napol\u00e9on III.<\/p>","protected":false},"featured_media":66756,"comment_status":"closed","ping_status":"open","template":"","meta":{"_acf_changed":false},"product_brand":[],"product_cat":[5853],"product_tag":[],"class_list":{"0":"post-67945","1":"product","2":"type-product","3":"status-publish","4":"has-post-thumbnail","6":"product_cat-chandeliers-bougeoirs","8":"first","9":"outofstock","10":"purchasable","11":"product-type-simple"},"acf":[],"_links":{"self":[{"href":"https:\/\/www.clockprestige.com\/en\/wp-json\/wp\/v2\/product\/67945","targetHints":{"allow":["GET"]}}],"collection":[{"href":"https:\/\/www.clockprestige.com\/en\/wp-json\/wp\/v2\/product"}],"about":[{"href":"https:\/\/www.clockprestige.com\/en\/wp-json\/wp\/v2\/types\/product"}],"replies":[{"embeddable":true,"href":"https:\/\/www.clockprestige.com\/en\/wp-json\/wp\/v2\/comments?post=67945"}],"version-history":[{"count":0,"href":"https:\/\/www.clockprestige.com\/en\/wp-json\/wp\/v2\/product\/67945\/revisions"}],"wp:featuredmedia":[{"embeddable":true,"href":"https:\/\/www.clockprestige.com\/en\/wp-json\/wp\/v2\/media\/66756"}],"wp:attachment":[{"href":"https:\/\/www.clockprestige.com\/en\/wp-json\/wp\/v2\/media?parent=67945"}],"wp:term":[{"taxonomy":"product_brand","embeddable":true,"href":"https:\/\/www.clockprestige.com\/en\/wp-json\/wp\/v2\/product_brand?post=67945"},{"taxonomy":"product_cat","embeddable":true,"href":"https:\/\/www.clockprestige.com\/en\/wp-json\/wp\/v2\/product_cat?post=67945"},{"taxonomy":"product_tag","embeddable":true,"href":"https:\/\/www.clockprestige.com\/en\/wp-json\/wp\/v2\/product_tag?post=67945"}],"curies":[{"name":"wp","href":"https:\/\/api.w.org\/{rel}","templated":true}]}}