{"id":67847,"date":"2021-12-23T13:54:13","date_gmt":"2021-12-23T12:54:13","guid":{"rendered":"https:\/\/kyiygtl.cluster024.hosting.ovh.net\/produit\/chandeliers-en-bouquet-de-fleurs-bronze-dore-et-marbre-blanc\/"},"modified":"2021-12-23T13:54:38","modified_gmt":"2021-12-23T12:54:38","slug":"chandeliers-en-bouquet-de-fleurs-bronze-dore-et-marbre-blanc","status":"publish","type":"product","link":"https:\/\/www.clockprestige.com\/en\/our-objects-and-clocks\/chandeliers-bougeoirs\/chandeliers-en-bouquet-de-fleurs-bronze-dore-et-marbre-blanc\/","title":{"rendered":"Chandeliers en bouquet de fleurs, bronze dor\u00e9 et marbre blanc"},"content":{"rendered":"<p>Tr\u00e8s d\u00e9corative, paire de chandeliers en bronze dor\u00e9 et marbre blanc d&#8217;\u00e9poque Napol\u00e9on III. Le chandelier est en forme d&#8217;un v\u00e9ritable bouquet de fleurs, comprenant quatre bras de lumi\u00e8re. Ils reposent chacun sur une ath\u00e9nienne richement travaill\u00e9e avec un d\u00e9cor de t\u00eate de femme couronn\u00e9e de laurier reli\u00e9 par une draperie et de petite chainette, finissant par un pi\u00e9tement \u00e0 sabot. Ils reposent sur une base orn\u00e9e de rang de perles, guirlandes et boutons carr\u00e9 feuillag\u00e9. Les d\u00e9cors sont les m\u00eames sur la face arri\u00e8re.<\/p>\n<p>Objet de d\u00e9coration splendide, authenticit\u00e9 et \u00e9tat de conservation remarquable.<\/p>","protected":false},"excerpt":{"rendered":"<p>Tr\u00e8s d\u00e9corative, paire de chandeliers en bronze dor\u00e9 et marbre blanc d&#8217;\u00e9poque Napol\u00e9on III. Le chandelier est en forme d&#8217;un v\u00e9ritable bouquet de fleurs, comprenant quatre bras de lumi\u00e8re. Ils reposent chacun sur une ath\u00e9nienne richement travaill\u00e9e avec un d\u00e9cor de t\u00eate de femme couronn\u00e9e de laurier reli\u00e9 par une draperie et de petite chainette, [&hellip;]<\/p>","protected":false},"featured_media":66610,"comment_status":"closed","ping_status":"open","template":"","meta":{"_acf_changed":false},"product_brand":[],"product_cat":[5853],"product_tag":[],"class_list":{"0":"post-67847","1":"product","2":"type-product","3":"status-publish","4":"has-post-thumbnail","6":"product_cat-chandeliers-bougeoirs","8":"first","9":"outofstock","10":"purchasable","11":"product-type-simple"},"acf":[],"_links":{"self":[{"href":"https:\/\/www.clockprestige.com\/en\/wp-json\/wp\/v2\/product\/67847","targetHints":{"allow":["GET"]}}],"collection":[{"href":"https:\/\/www.clockprestige.com\/en\/wp-json\/wp\/v2\/product"}],"about":[{"href":"https:\/\/www.clockprestige.com\/en\/wp-json\/wp\/v2\/types\/product"}],"replies":[{"embeddable":true,"href":"https:\/\/www.clockprestige.com\/en\/wp-json\/wp\/v2\/comments?post=67847"}],"version-history":[{"count":0,"href":"https:\/\/www.clockprestige.com\/en\/wp-json\/wp\/v2\/product\/67847\/revisions"}],"wp:featuredmedia":[{"embeddable":true,"href":"https:\/\/www.clockprestige.com\/en\/wp-json\/wp\/v2\/media\/66610"}],"wp:attachment":[{"href":"https:\/\/www.clockprestige.com\/en\/wp-json\/wp\/v2\/media?parent=67847"}],"wp:term":[{"taxonomy":"product_brand","embeddable":true,"href":"https:\/\/www.clockprestige.com\/en\/wp-json\/wp\/v2\/product_brand?post=67847"},{"taxonomy":"product_cat","embeddable":true,"href":"https:\/\/www.clockprestige.com\/en\/wp-json\/wp\/v2\/product_cat?post=67847"},{"taxonomy":"product_tag","embeddable":true,"href":"https:\/\/www.clockprestige.com\/en\/wp-json\/wp\/v2\/product_tag?post=67847"}],"curies":[{"name":"wp","href":"https:\/\/api.w.org\/{rel}","templated":true}]}}