{"id":67788,"date":"2022-01-02T13:49:38","date_gmt":"2022-01-02T12:49:38","guid":{"rendered":"https:\/\/kyiygtl.cluster024.hosting.ovh.net\/produit\/pendule-triomphe-de-langelot-napoleon-iii\/"},"modified":"2023-11-10T18:55:45","modified_gmt":"2023-11-10T17:55:45","slug":"pendule-triomphe-de-langelot-napoleon-iii","status":"publish","type":"product","link":"https:\/\/www.clockprestige.com\/en\/our-objects-and-clocks\/pendules\/clock-triumph-of-the-cherub-era-napoleon-iii\/","title":{"rendered":"Pendule &#8220;Triomphe de l&#8217;angelot&#8221; Napol\u00e9on III"},"content":{"rendered":"<p>Tr\u00e8s belle pendule dans le style Louis XVI, d&#8217;\u00e9poque Napol\u00e9on III. Architecture constitu\u00e9 en marbre de carrare et d&#8217;une ornementation de qualit\u00e9 en bronze dor\u00e9. A chaque extr\u00e9mit\u00e9 sont r\u00e9partie deux angelots agenouill\u00e9s attrapant une guirlande de lauriers. Orn\u00e9 au sommet d&#8217;un magnifique angelot au ailes de papillons, brandissant un flambeau, il repose sur une colonne cannel\u00e9e ou s&#8217;inscrit le cadran. Cadran bomb\u00e9 en \u00e9mail blanc finement d\u00e9cor\u00e9 de peinture color\u00e9 de guirlandes et d&#8217;aiguilles dor\u00e9, prot\u00e9g\u00e9 par un verre bomb\u00e9.<\/p>\n<p>M\u00e9canisme d&#8217;origine sans modification, \u00e9chappement \u00e0 spiral. Pendule dite de chambre, pas de sonnerie.<\/p>","protected":false},"excerpt":{"rendered":"<p>Tr\u00e8s belle pendule dans le style Louis XVI, d&#8217;\u00e9poque Napol\u00e9on III. Architecture constitu\u00e9 en marbre de carrare et d&#8217;une ornementation de qualit\u00e9 en bronze dor\u00e9. A chaque extr\u00e9mit\u00e9 sont r\u00e9partie deux angelots agenouill\u00e9s attrapant une guirlande de lauriers. Orn\u00e9 au sommet d&#8217;un magnifique angelot au ailes de papillons, brandissant un flambeau, il repose sur une [&hellip;]<\/p>","protected":false},"featured_media":67790,"comment_status":"closed","ping_status":"closed","template":"","meta":{"_acf_changed":false},"product_brand":[],"product_cat":[5852],"product_tag":[],"class_list":{"0":"post-67788","1":"product","2":"type-product","3":"status-publish","4":"has-post-thumbnail","6":"product_cat-pendules","8":"first","9":"outofstock","10":"purchasable","11":"product-type-simple"},"acf":[],"_links":{"self":[{"href":"https:\/\/www.clockprestige.com\/en\/wp-json\/wp\/v2\/product\/67788","targetHints":{"allow":["GET"]}}],"collection":[{"href":"https:\/\/www.clockprestige.com\/en\/wp-json\/wp\/v2\/product"}],"about":[{"href":"https:\/\/www.clockprestige.com\/en\/wp-json\/wp\/v2\/types\/product"}],"replies":[{"embeddable":true,"href":"https:\/\/www.clockprestige.com\/en\/wp-json\/wp\/v2\/comments?post=67788"}],"version-history":[{"count":0,"href":"https:\/\/www.clockprestige.com\/en\/wp-json\/wp\/v2\/product\/67788\/revisions"}],"wp:featuredmedia":[{"embeddable":true,"href":"https:\/\/www.clockprestige.com\/en\/wp-json\/wp\/v2\/media\/67790"}],"wp:attachment":[{"href":"https:\/\/www.clockprestige.com\/en\/wp-json\/wp\/v2\/media?parent=67788"}],"wp:term":[{"taxonomy":"product_brand","embeddable":true,"href":"https:\/\/www.clockprestige.com\/en\/wp-json\/wp\/v2\/product_brand?post=67788"},{"taxonomy":"product_cat","embeddable":true,"href":"https:\/\/www.clockprestige.com\/en\/wp-json\/wp\/v2\/product_cat?post=67788"},{"taxonomy":"product_tag","embeddable":true,"href":"https:\/\/www.clockprestige.com\/en\/wp-json\/wp\/v2\/product_tag?post=67788"}],"curies":[{"name":"wp","href":"https:\/\/api.w.org\/{rel}","templated":true}]}}