{"id":66951,"date":"2021-12-23T13:26:15","date_gmt":"2021-12-23T12:26:15","guid":{"rendered":"https:\/\/kyiygtl.cluster024.hosting.ovh.net\/produit\/pendule-au-nuage-loffrande-a-lamour-epoque-louis-xvi\/"},"modified":"2021-12-24T00:32:53","modified_gmt":"2021-12-23T23:32:53","slug":"pendule-au-nuage-loffrande-a-lamour-epoque-louis-xvi","status":"publish","type":"product","link":"https:\/\/www.clockprestige.com\/en\/our-objects-and-clocks\/pendules\/pendule-au-nuage-loffrande-a-lamour-epoque-louis-xvi\/","title":{"rendered":"Pendule au nuage &#8220;l&#8217;Offrande \u00e0 l&#8217;Amour&#8221; Epoque Louis XVI"},"content":{"rendered":"<p>Rare pendule d&#8217;\u00e9poque Louis XVI vers 1790 sign\u00e9 &#8220;Cronier, rue Honor\u00e9 \u00e0 Paris&#8221;, Marbre blanc et bronze dor\u00e9 au mercure. Symbolisant l&#8217;Offrande \u00e0 l&#8217;Amour, angelot \u00e9mergeant de nu\u00e9es, il tend les bras en direction d&#8217;un chien, offrande d&#8217;une femme drap\u00e9e \u00e0 l&#8217;Antique. Anim\u00e9 par un balancier soleil, oscillation ample et rapide.<\/p>\n<p>Grand cadran en \u00e9mail blanc accompagn\u00e9 d&#8217;aiguilles finement travaill\u00e9es, prot\u00e9g\u00e9 par un clapet serti d&#8217;un verre bomb\u00e9. Mouvement de qualit\u00e9 dot\u00e9 d&#8217;une suspension \u00e0 fil, sonnerie des heures et demie sur cloche ancienne.<\/p>\n<p>Cronier, horloger r\u00e9f\u00e9renc\u00e9 dans le Tardy, dictionnaire des horlogers.<br \/>\nEnti\u00e8rement d&#8217;origine et sans modification, pendule ayant conserv\u00e9 une parfaite authenticit\u00e9. Tr\u00e8s beau mod\u00e8le.<\/p>","protected":false},"excerpt":{"rendered":"<p>Rare pendule d&#8217;\u00e9poque Louis XVI vers 1790 sign\u00e9 &#8220;Cronier, rue Honor\u00e9 \u00e0 Paris&#8221;, Marbre blanc et bronze dor\u00e9 au mercure. Symbolisant l&#8217;Offrande \u00e0 l&#8217;Amour, angelot \u00e9mergeant de nu\u00e9es, il tend les bras en direction d&#8217;un chien, offrande d&#8217;une femme drap\u00e9e \u00e0 l&#8217;Antique. Anim\u00e9 par un balancier soleil, oscillation ample et rapide. Grand cadran en \u00e9mail [&hellip;]<\/p>","protected":false},"featured_media":66953,"comment_status":"closed","ping_status":"open","template":"","meta":{"_acf_changed":false},"product_brand":[],"product_cat":[5852],"product_tag":[],"class_list":{"0":"post-66951","1":"product","2":"type-product","3":"status-publish","4":"has-post-thumbnail","6":"product_cat-pendules","8":"first","9":"outofstock","10":"purchasable","11":"product-type-simple"},"acf":[],"_links":{"self":[{"href":"https:\/\/www.clockprestige.com\/en\/wp-json\/wp\/v2\/product\/66951","targetHints":{"allow":["GET"]}}],"collection":[{"href":"https:\/\/www.clockprestige.com\/en\/wp-json\/wp\/v2\/product"}],"about":[{"href":"https:\/\/www.clockprestige.com\/en\/wp-json\/wp\/v2\/types\/product"}],"replies":[{"embeddable":true,"href":"https:\/\/www.clockprestige.com\/en\/wp-json\/wp\/v2\/comments?post=66951"}],"version-history":[{"count":0,"href":"https:\/\/www.clockprestige.com\/en\/wp-json\/wp\/v2\/product\/66951\/revisions"}],"wp:featuredmedia":[{"embeddable":true,"href":"https:\/\/www.clockprestige.com\/en\/wp-json\/wp\/v2\/media\/66953"}],"wp:attachment":[{"href":"https:\/\/www.clockprestige.com\/en\/wp-json\/wp\/v2\/media?parent=66951"}],"wp:term":[{"taxonomy":"product_brand","embeddable":true,"href":"https:\/\/www.clockprestige.com\/en\/wp-json\/wp\/v2\/product_brand?post=66951"},{"taxonomy":"product_cat","embeddable":true,"href":"https:\/\/www.clockprestige.com\/en\/wp-json\/wp\/v2\/product_cat?post=66951"},{"taxonomy":"product_tag","embeddable":true,"href":"https:\/\/www.clockprestige.com\/en\/wp-json\/wp\/v2\/product_tag?post=66951"}],"curies":[{"name":"wp","href":"https:\/\/api.w.org\/{rel}","templated":true}]}}