{"id":77785,"date":"2025-01-06T19:27:32","date_gmt":"2025-01-06T18:27:32","guid":{"rendered":"https:\/\/www.clockprestige.com\/?post_type=product&#038;p=77785"},"modified":"2025-10-10T09:03:39","modified_gmt":"2025-10-10T07:03:39","slug":"pendule-cage-vitre-bronze-et-marbre-horloger-marti","status":"publish","type":"product","link":"https:\/\/www.clockprestige.com\/de\/unsere-objekte-und-uhren\/pendules\/uhren-glas-bronze-und-marmor-uhrmacher-marti\/","title":{"rendered":"Uhren Glas Bronze und Marmor Uhrmacher : MARTI"},"content":{"rendered":"<p>Tr\u00e8s belle pendule d&#8217;\u00e9poque Napol\u00e9on III dans le style Louis XVI, sign\u00e9e sur la platine du m\u00e9canisme &#8220;S. Marti et Cie&#8221;, horloger r\u00e9f\u00e9renc\u00e9 dans le Tardy, dictionnaire des horlogers fran\u00e7ais. Architecture en marbre blanc de carrare \u00e0 deux colonnes orn\u00e9es de chapiteaux corinthiens, l&#8217;espace entre les colonnes est occup\u00e9 par une cage carr\u00e9e par quatre vitres \u00e9paisses biseaut\u00e9es accueillant \u00e0 l&#8217;int\u00e9rieur un tr\u00e8s beau balancier soleil, au sommet un vase couvert accompagn\u00e9 par de larges anses. Cadran en \u00e9mail ornement\u00e9 de guirlandes en peinture color\u00e9e et accompagn\u00e9 par de fines aiguilles dor\u00e9es, prot\u00e9g\u00e9 par un verre.<\/p>\n<p>M\u00e9canisme d&#8217;origine sans modification, sonnerie aux heures et demi-heure sur cloche ancienne.<\/p>","protected":false},"excerpt":{"rendered":"<p>Tr\u00e8s belle pendule d&#8217;\u00e9poque Napol\u00e9on III dans le style Louis XVI, sign\u00e9e sur la platine du m\u00e9canisme &#8220;S. Marti et Cie&#8221;, horloger r\u00e9f\u00e9renc\u00e9 dans le Tardy, dictionnaire des horlogers fran\u00e7ais. Architecture en marbre blanc de carrare \u00e0 deux colonnes orn\u00e9es de chapiteaux corinthiens, l&#8217;espace entre les colonnes est occup\u00e9 par une cage carr\u00e9e par quatre [&hellip;]<\/p>","protected":false},"featured_media":77774,"comment_status":"closed","ping_status":"closed","template":"","meta":{"_acf_changed":false},"product_brand":[],"product_cat":[5852],"product_tag":[],"class_list":{"0":"post-77785","1":"product","2":"type-product","3":"status-publish","4":"has-post-thumbnail","6":"product_cat-pendules","8":"first","9":"outofstock","10":"shipping-taxable","11":"purchasable","12":"product-type-simple"},"acf":[],"_links":{"self":[{"href":"https:\/\/www.clockprestige.com\/de\/wp-json\/wp\/v2\/product\/77785","targetHints":{"allow":["GET"]}}],"collection":[{"href":"https:\/\/www.clockprestige.com\/de\/wp-json\/wp\/v2\/product"}],"about":[{"href":"https:\/\/www.clockprestige.com\/de\/wp-json\/wp\/v2\/types\/product"}],"replies":[{"embeddable":true,"href":"https:\/\/www.clockprestige.com\/de\/wp-json\/wp\/v2\/comments?post=77785"}],"version-history":[{"count":3,"href":"https:\/\/www.clockprestige.com\/de\/wp-json\/wp\/v2\/product\/77785\/revisions"}],"predecessor-version":[{"id":77810,"href":"https:\/\/www.clockprestige.com\/de\/wp-json\/wp\/v2\/product\/77785\/revisions\/77810"}],"wp:featuredmedia":[{"embeddable":true,"href":"https:\/\/www.clockprestige.com\/de\/wp-json\/wp\/v2\/media\/77774"}],"wp:attachment":[{"href":"https:\/\/www.clockprestige.com\/de\/wp-json\/wp\/v2\/media?parent=77785"}],"wp:term":[{"taxonomy":"product_brand","embeddable":true,"href":"https:\/\/www.clockprestige.com\/de\/wp-json\/wp\/v2\/product_brand?post=77785"},{"taxonomy":"product_cat","embeddable":true,"href":"https:\/\/www.clockprestige.com\/de\/wp-json\/wp\/v2\/product_cat?post=77785"},{"taxonomy":"product_tag","embeddable":true,"href":"https:\/\/www.clockprestige.com\/de\/wp-json\/wp\/v2\/product_tag?post=77785"}],"curies":[{"name":"wp","href":"https:\/\/api.w.org\/{rel}","templated":true}]}}