{"id":77783,"date":"2026-01-15T08:25:07","date_gmt":"2026-01-15T07:25:07","guid":{"rendered":"https:\/\/www.clockprestige.com\/?post_type=product&#038;p=77783"},"modified":"2026-02-16T23:32:08","modified_gmt":"2026-02-16T22:32:08","slug":"pendule-en-bronze-dore-napoleon-iii-3","status":"publish","type":"product","link":"https:\/\/www.clockprestige.com\/de\/unsere-objekte-und-uhren\/pendules\/uhren-bronze-vergoldete-napoleon-iii\/","title":{"rendered":"Uhren bronze vergoldete Napol\u00e9on III"},"content":{"rendered":"<p>D\u00e9corative pendule d&#8217;\u00e9poque Napol\u00e9on III de tr\u00e8s belle qualit\u00e9. M\u00e9canisme estampill\u00e9 Kauffer \u00e0 Nancy. Architecture en bronze dor\u00e9 finement ornement\u00e9 sur ses trois faces par de nombreuses frises en rinceaux, contour de feuilles de lauriers, sur la fa\u00e7ade des cannelures orn\u00e9es d&#8217;asperges ainsi qu&#8217;une large frise \u00e0 d\u00e9cors d&#8217;angelots transport\u00e9e par une nu\u00e9e de nuages. Au sommet est orn\u00e9 un vase \u00e0 l&#8217;antique fleurie d&#8217;o\u00f9 s&#8217;\u00e9chappent de longues chutes de feuillage ainsi qu&#8217;un enroulement de feuilles de lierre. Large cadran bomb\u00e9 en \u00e9mail blanc accompagn\u00e9 d&#8217;aiguilles finement travaill\u00e9es, prot\u00e9g\u00e9 par un verre bomb\u00e9.<\/p>\n<p>M\u00e9canisme d&#8217;origine sans modification. Sonnerie aux heures et demi-heures sur cloche ancienne.<\/p>","protected":false},"excerpt":{"rendered":"<p>D\u00e9corative pendule d&#8217;\u00e9poque Napol\u00e9on III de tr\u00e8s belle qualit\u00e9. M\u00e9canisme estampill\u00e9 Kauffer \u00e0 Nancy. Architecture en bronze dor\u00e9 finement ornement\u00e9 sur ses trois faces par de nombreuses frises en rinceaux, contour de feuilles de lauriers, sur la fa\u00e7ade des cannelures orn\u00e9es d&#8217;asperges ainsi qu&#8217;une large frise \u00e0 d\u00e9cors d&#8217;angelots transport\u00e9e par une nu\u00e9e de nuages. [&hellip;]<\/p>","protected":false},"featured_media":79312,"comment_status":"closed","ping_status":"closed","template":"","meta":{"_acf_changed":false},"product_brand":[],"product_cat":[5852],"product_tag":[],"class_list":{"0":"post-77783","1":"product","2":"type-product","3":"status-publish","4":"has-post-thumbnail","6":"product_cat-pendules","8":"first","9":"instock","10":"shipping-taxable","11":"purchasable","12":"product-type-simple"},"acf":[],"_links":{"self":[{"href":"https:\/\/www.clockprestige.com\/de\/wp-json\/wp\/v2\/product\/77783","targetHints":{"allow":["GET"]}}],"collection":[{"href":"https:\/\/www.clockprestige.com\/de\/wp-json\/wp\/v2\/product"}],"about":[{"href":"https:\/\/www.clockprestige.com\/de\/wp-json\/wp\/v2\/types\/product"}],"replies":[{"embeddable":true,"href":"https:\/\/www.clockprestige.com\/de\/wp-json\/wp\/v2\/comments?post=77783"}],"version-history":[{"count":2,"href":"https:\/\/www.clockprestige.com\/de\/wp-json\/wp\/v2\/product\/77783\/revisions"}],"predecessor-version":[{"id":79321,"href":"https:\/\/www.clockprestige.com\/de\/wp-json\/wp\/v2\/product\/77783\/revisions\/79321"}],"wp:featuredmedia":[{"embeddable":true,"href":"https:\/\/www.clockprestige.com\/de\/wp-json\/wp\/v2\/media\/79312"}],"wp:attachment":[{"href":"https:\/\/www.clockprestige.com\/de\/wp-json\/wp\/v2\/media?parent=77783"}],"wp:term":[{"taxonomy":"product_brand","embeddable":true,"href":"https:\/\/www.clockprestige.com\/de\/wp-json\/wp\/v2\/product_brand?post=77783"},{"taxonomy":"product_cat","embeddable":true,"href":"https:\/\/www.clockprestige.com\/de\/wp-json\/wp\/v2\/product_cat?post=77783"},{"taxonomy":"product_tag","embeddable":true,"href":"https:\/\/www.clockprestige.com\/de\/wp-json\/wp\/v2\/product_tag?post=77783"}],"curies":[{"name":"wp","href":"https:\/\/api.w.org\/{rel}","templated":true}]}}