{"id":77042,"date":"2025-05-10T20:43:39","date_gmt":"2025-05-10T18:43:39","guid":{"rendered":"https:\/\/www.clockprestige.com\/?post_type=product&#038;p=77042"},"modified":"2026-02-15T23:52:56","modified_gmt":"2026-02-15T22:52:56","slug":"pendule-au-cherubin-en-bronze-dore-style-louis-xv","status":"publish","type":"product","link":"https:\/\/www.clockprestige.com\/de\/unsere-objekte-und-uhren\/cartels\/uhren-cherub-aus-vergoldeter-bronze-louis-xv-stil\/","title":{"rendered":"Uhren Cherub aus vergoldeter Bronze Louis XV-Stil"},"content":{"rendered":"<p class=\"translation-block\">\u00c9l\u00e9gante pendule cartel avec son socle solidaire dans le style Louis XV, d\u2019\u00e9poque Napol\u00e9on III vers 1880.<br>\r\nEnsemble de qualit\u00e9 de tr\u00e8s bonne manufacture, architecture \u00e9paisse en bronze dor\u00e9 de forme mouvement\u00e9e cisel\u00e9 de feuillage, orn\u00e9 au sommet d\u2019un ch\u00e9rubin chasseur. Trois faces d\u2019accueil de larges surfaces grillag\u00e9es encadrant le cadran bomb\u00e9 en \u00e9mail blanc accompagn\u00e9 d\u2019aiguilles dor\u00e9es finement travaill\u00e9es, prot\u00e9g\u00e9 par un verre bomb\u00e9.<\/p>\n<p>M\u00e9canisme d&#8217;origine sans modification. Sonnerie aux heures et demie sur cloche ancienne.<\/p>","protected":false},"excerpt":{"rendered":"<p>\u00c9l\u00e9gante pendule cartel avec son socle solidaire dans le style Louis XV, d&#8217;\u00e9poque Napol\u00e9on III vers 1880. Ensemble de qualit\u00e9 de tr\u00e8s bonne manufacture, architecture \u00e9paisse en bronze dor\u00e9 de forme mouvement\u00e9e cisel\u00e9 de feuillage, orn\u00e9 au sommet d&#8217;un ch\u00e9rubin chasseur. Trois faces d&#8217;accueil de larges surfaces grillag\u00e9es encadrant le cadran bomb\u00e9 en \u00e9mail blanc [&hellip;]<\/p>","protected":false},"featured_media":79253,"comment_status":"closed","ping_status":"closed","template":"","meta":{"_acf_changed":false},"product_brand":[],"product_cat":[5855,5852],"product_tag":[],"class_list":{"0":"post-77042","1":"product","2":"type-product","3":"status-publish","4":"has-post-thumbnail","6":"product_cat-cartels","7":"product_cat-pendules","9":"first","10":"instock","11":"shipping-taxable","12":"purchasable","13":"product-type-simple"},"acf":[],"_links":{"self":[{"href":"https:\/\/www.clockprestige.com\/de\/wp-json\/wp\/v2\/product\/77042","targetHints":{"allow":["GET"]}}],"collection":[{"href":"https:\/\/www.clockprestige.com\/de\/wp-json\/wp\/v2\/product"}],"about":[{"href":"https:\/\/www.clockprestige.com\/de\/wp-json\/wp\/v2\/types\/product"}],"replies":[{"embeddable":true,"href":"https:\/\/www.clockprestige.com\/de\/wp-json\/wp\/v2\/comments?post=77042"}],"version-history":[{"count":1,"href":"https:\/\/www.clockprestige.com\/de\/wp-json\/wp\/v2\/product\/77042\/revisions"}],"predecessor-version":[{"id":77043,"href":"https:\/\/www.clockprestige.com\/de\/wp-json\/wp\/v2\/product\/77042\/revisions\/77043"}],"wp:featuredmedia":[{"embeddable":true,"href":"https:\/\/www.clockprestige.com\/de\/wp-json\/wp\/v2\/media\/79253"}],"wp:attachment":[{"href":"https:\/\/www.clockprestige.com\/de\/wp-json\/wp\/v2\/media?parent=77042"}],"wp:term":[{"taxonomy":"product_brand","embeddable":true,"href":"https:\/\/www.clockprestige.com\/de\/wp-json\/wp\/v2\/product_brand?post=77042"},{"taxonomy":"product_cat","embeddable":true,"href":"https:\/\/www.clockprestige.com\/de\/wp-json\/wp\/v2\/product_cat?post=77042"},{"taxonomy":"product_tag","embeddable":true,"href":"https:\/\/www.clockprestige.com\/de\/wp-json\/wp\/v2\/product_tag?post=77042"}],"curies":[{"name":"wp","href":"https:\/\/api.w.org\/{rel}","templated":true}]}}