{"id":75906,"date":"2025-01-07T14:08:16","date_gmt":"2025-01-07T13:08:16","guid":{"rendered":"https:\/\/www.clockprestige.com\/?post_type=product&#038;p=75906"},"modified":"2026-02-16T23:28:39","modified_gmt":"2026-02-16T22:28:39","slug":"pendule-union-de-lamour-epoque-empire","status":"publish","type":"product","link":"https:\/\/www.clockprestige.com\/de\/unsere-objekte-und-uhren\/pendules\/pendule-union-de-lamour-epoque-empire\/","title":{"rendered":"Pendule &#8220;Union de l&#8217;Amour&#8221; \u00c9poque Empire"},"content":{"rendered":"<p>Mod\u00e8le et th\u00e9matique peu courants, pendule d&#8217;\u00e9poque Empire vers 1805. Architecture en bronze recouverte d&#8217;une dorure au mercure \u00e0 l&#8217;or. Tr\u00e8s finement cisel\u00e9, les sculptures, visages, corps et proportions sont tr\u00e8s r\u00e9alistes.<\/p>\n<p>Tr\u00e8s \u00e9l\u00e9gante jeune femme drap\u00e9e \u00e0 l&#8217;antique se tenant debout, la main sur le c\u0153ur, offrant sa main \u00e0 l&#8217;Amour, qui lui est agenouill\u00e9 sur un coussin, il tient une bague.<\/p>\n<p class=\"translation-block\">Cadran en \u00e9mail blanc bomb\u00e9 soulign\u00e9 par un contour en bronze guilloch\u00e9, ornement\u00e9 d\u2019encoignure cisel\u00e9 de flambeaux enrubann\u00e9s et soulign\u00e9 d\u2019une frise \u00e0 d\u00e9cor de carquois et d\u2019un arc sur fond de laurier et ruban.<br>\r\nBase rectangulaire orn\u00e9e d\u2019une frise \u00e0 palmettes encadrant un m\u00e9daillon aux colombes couronn\u00e9es symbolisant la fid\u00e9lit\u00e9, qui reprend le th\u00e8me principal.<\/p>\n<p>Originalmechanismus ohne Modifikationen, Drahtaufh\u00e4ngung, Stunden- und Halbstundenschlag auf alter Glocke.<\/p>","protected":false},"excerpt":{"rendered":"<p>Mod\u00e8le et th\u00e9matique peu courants, pendule d&#8217;\u00e9poque Empire vers 1805. Architecture en bronze recouverte d&#8217;une dorure au mercure \u00e0 l&#8217;or. Tr\u00e8s finement cisel\u00e9, les sculptures, visages, corps et proportions sont tr\u00e8s r\u00e9alistes. Tr\u00e8s \u00e9l\u00e9gante jeune femme drap\u00e9e \u00e0 l&#8217;antique se tenant debout, la main sur le c\u0153ur, offrant sa main \u00e0 l&#8217;Amour, qui lui est [&hellip;]<\/p>","protected":false},"featured_media":78825,"comment_status":"closed","ping_status":"closed","template":"","meta":{"_acf_changed":false},"product_brand":[],"product_cat":[5852,5856],"product_tag":[],"class_list":{"0":"post-75906","1":"product","2":"type-product","3":"status-publish","4":"has-post-thumbnail","6":"product_cat-pendules","7":"product_cat-pendules-empire","9":"first","10":"outofstock","11":"shipping-taxable","12":"purchasable","13":"product-type-simple"},"acf":[],"_links":{"self":[{"href":"https:\/\/www.clockprestige.com\/de\/wp-json\/wp\/v2\/product\/75906","targetHints":{"allow":["GET"]}}],"collection":[{"href":"https:\/\/www.clockprestige.com\/de\/wp-json\/wp\/v2\/product"}],"about":[{"href":"https:\/\/www.clockprestige.com\/de\/wp-json\/wp\/v2\/types\/product"}],"replies":[{"embeddable":true,"href":"https:\/\/www.clockprestige.com\/de\/wp-json\/wp\/v2\/comments?post=75906"}],"version-history":[{"count":2,"href":"https:\/\/www.clockprestige.com\/de\/wp-json\/wp\/v2\/product\/75906\/revisions"}],"predecessor-version":[{"id":78834,"href":"https:\/\/www.clockprestige.com\/de\/wp-json\/wp\/v2\/product\/75906\/revisions\/78834"}],"wp:featuredmedia":[{"embeddable":true,"href":"https:\/\/www.clockprestige.com\/de\/wp-json\/wp\/v2\/media\/78825"}],"wp:attachment":[{"href":"https:\/\/www.clockprestige.com\/de\/wp-json\/wp\/v2\/media?parent=75906"}],"wp:term":[{"taxonomy":"product_brand","embeddable":true,"href":"https:\/\/www.clockprestige.com\/de\/wp-json\/wp\/v2\/product_brand?post=75906"},{"taxonomy":"product_cat","embeddable":true,"href":"https:\/\/www.clockprestige.com\/de\/wp-json\/wp\/v2\/product_cat?post=75906"},{"taxonomy":"product_tag","embeddable":true,"href":"https:\/\/www.clockprestige.com\/de\/wp-json\/wp\/v2\/product_tag?post=75906"}],"curies":[{"name":"wp","href":"https:\/\/api.w.org\/{rel}","templated":true}]}}