{"id":74535,"date":"2023-01-31T18:14:56","date_gmt":"2023-01-31T17:14:56","guid":{"rendered":"https:\/\/www.clockprestige.com\/?post_type=product&#038;p=74535"},"modified":"2024-02-19T10:33:59","modified_gmt":"2024-02-19T09:33:59","slug":"pendule-cartel-style-louis-xv-en-bronze-dore-napoleon-iii-4","status":"publish","type":"product","link":"https:\/\/www.clockprestige.com\/de\/unsere-objekte-und-uhren\/cartels\/uhren-vergoldete-bronze-louis-xv-epoche-napoleon-iii\/","title":{"rendered":"Uhren vergoldete Bronze Louis XV Epoche Napol\u00e9on III"},"content":{"rendered":"<p>D&#8217;\u00e9poque Napol\u00e9on III. Architecture en bronze dor\u00e9 de tr\u00e8s belle qualit\u00e9, pendule de type cartel dans le style Louis XV de forme mouvement\u00e9e par ses gracieuses courbes et contre-courbes orn\u00e9es \u00e0 chaque angle de feuillage encadrant des surfaces grillag\u00e9es. Depuis la fa\u00e7ade on aper\u00e7oit \u00e0 travers le grillage le balancier dor\u00e9. Cadran bomb\u00e9 en \u00e9mail blanc accompagn\u00e9 d&#8217;aiguilles dor\u00e9es finement travaill\u00e9es, ensemble prot\u00e9g\u00e9 par un verre bomb\u00e9.<\/p>","protected":false},"excerpt":{"rendered":"<p>D&#8217;\u00e9poque Napol\u00e9on III. Architecture en bronze dor\u00e9 de tr\u00e8s belle qualit\u00e9, pendule de type cartel dans le style Louis XV de forme mouvement\u00e9e par ses gracieuses courbes et contre-courbes orn\u00e9es \u00e0 chaque angle de feuillage encadrant des surfaces grillag\u00e9es. Depuis la fa\u00e7ade on aper\u00e7oit \u00e0 travers le grillage le balancier dor\u00e9. Cadran bomb\u00e9 en \u00e9mail [&hellip;]<\/p>","protected":false},"featured_media":74431,"comment_status":"closed","ping_status":"closed","template":"","meta":{"_acf_changed":false},"product_brand":[],"product_cat":[5855,5852],"product_tag":[],"class_list":{"0":"post-74535","1":"product","2":"type-product","3":"status-publish","4":"has-post-thumbnail","6":"product_cat-cartels","7":"product_cat-pendules","9":"first","10":"outofstock","11":"shipping-taxable","12":"purchasable","13":"product-type-simple"},"acf":[],"_links":{"self":[{"href":"https:\/\/www.clockprestige.com\/de\/wp-json\/wp\/v2\/product\/74535","targetHints":{"allow":["GET"]}}],"collection":[{"href":"https:\/\/www.clockprestige.com\/de\/wp-json\/wp\/v2\/product"}],"about":[{"href":"https:\/\/www.clockprestige.com\/de\/wp-json\/wp\/v2\/types\/product"}],"replies":[{"embeddable":true,"href":"https:\/\/www.clockprestige.com\/de\/wp-json\/wp\/v2\/comments?post=74535"}],"version-history":[{"count":0,"href":"https:\/\/www.clockprestige.com\/de\/wp-json\/wp\/v2\/product\/74535\/revisions"}],"wp:featuredmedia":[{"embeddable":true,"href":"https:\/\/www.clockprestige.com\/de\/wp-json\/wp\/v2\/media\/74431"}],"wp:attachment":[{"href":"https:\/\/www.clockprestige.com\/de\/wp-json\/wp\/v2\/media?parent=74535"}],"wp:term":[{"taxonomy":"product_brand","embeddable":true,"href":"https:\/\/www.clockprestige.com\/de\/wp-json\/wp\/v2\/product_brand?post=74535"},{"taxonomy":"product_cat","embeddable":true,"href":"https:\/\/www.clockprestige.com\/de\/wp-json\/wp\/v2\/product_cat?post=74535"},{"taxonomy":"product_tag","embeddable":true,"href":"https:\/\/www.clockprestige.com\/de\/wp-json\/wp\/v2\/product_tag?post=74535"}],"curies":[{"name":"wp","href":"https:\/\/api.w.org\/{rel}","templated":true}]}}