{"id":72738,"date":"2021-12-24T21:21:51","date_gmt":"2021-12-24T20:21:51","guid":{"rendered":"https:\/\/clockprestige.com\/?post_type=product&#038;p=72738"},"modified":"2022-12-20T15:06:04","modified_gmt":"2022-12-20T14:06:04","slug":"paire-de-lampes-celadon-et-bronze-dore-xixeme-2","status":"publish","type":"product","link":"https:\/\/www.clockprestige.com\/de\/unsere-objekte-und-uhren\/lampes-lustres\/paar-lampen-porzellan-celadon-und-vergoldete-bronze-19-jhd-xixe\/","title":{"rendered":"Paar Lampen porzellan Celadon und vergoldete Bronze 19. Jhd XIXe"},"content":{"rendered":"<p>Tr\u00e8s belle paire de lampes d&#8217;\u00e9poque Napol\u00e9on III. Constitu\u00e9 de vases en porcelaine de c\u00e9ladon, finement d\u00e9cor\u00e9 d&#8217;un m\u00e9daillon &#8220;cam\u00e9e&#8221; \u00e0 profil de femme sur fond de dorure \u00e0 l&#8217;or sur les faces avant et arri\u00e8re. Riche d\u00e9cor d&#8217;arabesque \u00e9l\u00e9gamment r\u00e9partie sur l&#8217;ensemble du vase. Monture de qualit\u00e9 en bronze dor\u00e9, richement cisel\u00e9 dont la base est orn\u00e9e de guirlande.<\/p>\n<p>H\u00f6he: 43\/50 (Unterseite des \u00c4rmels) \/ Breite: 19 cm<\/p>\n<p class=\"translation-block\">Neue Elektrifizierung nach Standards. Der Draht verl\u00e4uft in den Lampen.\nKugelgelenk f\u00fcr verstellbare Horizontalit\u00e4t des Lampenschirms (nicht im Lieferumfang enthalten).<\/p>","protected":false},"excerpt":{"rendered":"<p>Tr\u00e8s belle paire de lampes d&#8217;\u00e9poque Napol\u00e9on III. Constitu\u00e9 de vases en porcelaine de c\u00e9ladon, finement d\u00e9cor\u00e9 d&#8217;un m\u00e9daillon &#8220;cam\u00e9e&#8221; \u00e0 profil de femme sur fond de dorure \u00e0 l&#8217;or sur les faces avant et arri\u00e8re. Riche d\u00e9cor d&#8217;arabesque \u00e9l\u00e9gamment r\u00e9partie sur l&#8217;ensemble du vase. Monture de qualit\u00e9 en bronze dor\u00e9, richement cisel\u00e9 dont la [&hellip;]<\/p>","protected":false},"featured_media":72700,"comment_status":"closed","ping_status":"closed","template":"","meta":{"_acf_changed":false},"product_brand":[],"product_cat":[5861],"product_tag":[],"class_list":{"0":"post-72738","1":"product","2":"type-product","3":"status-publish","4":"has-post-thumbnail","6":"product_cat-lampes-lustres","8":"first","9":"outofstock","10":"shipping-taxable","11":"purchasable","12":"product-type-simple"},"acf":[],"_links":{"self":[{"href":"https:\/\/www.clockprestige.com\/de\/wp-json\/wp\/v2\/product\/72738","targetHints":{"allow":["GET"]}}],"collection":[{"href":"https:\/\/www.clockprestige.com\/de\/wp-json\/wp\/v2\/product"}],"about":[{"href":"https:\/\/www.clockprestige.com\/de\/wp-json\/wp\/v2\/types\/product"}],"replies":[{"embeddable":true,"href":"https:\/\/www.clockprestige.com\/de\/wp-json\/wp\/v2\/comments?post=72738"}],"version-history":[{"count":0,"href":"https:\/\/www.clockprestige.com\/de\/wp-json\/wp\/v2\/product\/72738\/revisions"}],"wp:featuredmedia":[{"embeddable":true,"href":"https:\/\/www.clockprestige.com\/de\/wp-json\/wp\/v2\/media\/72700"}],"wp:attachment":[{"href":"https:\/\/www.clockprestige.com\/de\/wp-json\/wp\/v2\/media?parent=72738"}],"wp:term":[{"taxonomy":"product_brand","embeddable":true,"href":"https:\/\/www.clockprestige.com\/de\/wp-json\/wp\/v2\/product_brand?post=72738"},{"taxonomy":"product_cat","embeddable":true,"href":"https:\/\/www.clockprestige.com\/de\/wp-json\/wp\/v2\/product_cat?post=72738"},{"taxonomy":"product_tag","embeddable":true,"href":"https:\/\/www.clockprestige.com\/de\/wp-json\/wp\/v2\/product_tag?post=72738"}],"curies":[{"name":"wp","href":"https:\/\/api.w.org\/{rel}","templated":true}]}}