{"id":69740,"date":"2021-12-23T15:22:47","date_gmt":"2021-12-23T14:22:47","guid":{"rendered":"https:\/\/kyiygtl.cluster024.hosting.ovh.net\/produit\/paire-de-vases-en-marbre-de-style-empire\/"},"modified":"2021-12-23T15:23:17","modified_gmt":"2021-12-23T14:23:17","slug":"paire-de-vases-en-marbre-de-style-empire","status":"publish","type":"product","link":"https:\/\/www.clockprestige.com\/de\/unsere-objekte-und-uhren\/vases\/paire-de-vases-en-marbre-de-style-empire\/","title":{"rendered":"Paire de vases en marbre de style Empire"},"content":{"rendered":"<p>Paire de vases en marbre massif d&#8217;excellente qualit\u00e9 et d&#8217;un belle \u00e9clat, ornementation en bronze dor\u00e9 cisel\u00e9 \u00e0 d\u00e9cor de cygnes, palmettes et cornes d&#8217;abondance. De style Empire, d&#8217;\u00e9poque Napol\u00e9on III.<\/p>","protected":false},"excerpt":{"rendered":"<p>Paire de vases en marbre massif d&#8217;excellente qualit\u00e9 et d&#8217;un belle \u00e9clat, ornementation en bronze dor\u00e9 cisel\u00e9 \u00e0 d\u00e9cor de cygnes, palmettes et cornes d&#8217;abondance. De style Empire, d&#8217;\u00e9poque Napol\u00e9on III.<\/p>","protected":false},"featured_media":69742,"comment_status":"closed","ping_status":"open","template":"","meta":{"_acf_changed":false},"product_brand":[],"product_cat":[5864],"product_tag":[],"class_list":{"0":"post-69740","1":"product","2":"type-product","3":"status-publish","4":"has-post-thumbnail","6":"product_cat-vases","8":"first","9":"outofstock","10":"purchasable","11":"product-type-simple"},"acf":[],"_links":{"self":[{"href":"https:\/\/www.clockprestige.com\/de\/wp-json\/wp\/v2\/product\/69740","targetHints":{"allow":["GET"]}}],"collection":[{"href":"https:\/\/www.clockprestige.com\/de\/wp-json\/wp\/v2\/product"}],"about":[{"href":"https:\/\/www.clockprestige.com\/de\/wp-json\/wp\/v2\/types\/product"}],"replies":[{"embeddable":true,"href":"https:\/\/www.clockprestige.com\/de\/wp-json\/wp\/v2\/comments?post=69740"}],"version-history":[{"count":0,"href":"https:\/\/www.clockprestige.com\/de\/wp-json\/wp\/v2\/product\/69740\/revisions"}],"wp:featuredmedia":[{"embeddable":true,"href":"https:\/\/www.clockprestige.com\/de\/wp-json\/wp\/v2\/media\/69742"}],"wp:attachment":[{"href":"https:\/\/www.clockprestige.com\/de\/wp-json\/wp\/v2\/media?parent=69740"}],"wp:term":[{"taxonomy":"product_brand","embeddable":true,"href":"https:\/\/www.clockprestige.com\/de\/wp-json\/wp\/v2\/product_brand?post=69740"},{"taxonomy":"product_cat","embeddable":true,"href":"https:\/\/www.clockprestige.com\/de\/wp-json\/wp\/v2\/product_cat?post=69740"},{"taxonomy":"product_tag","embeddable":true,"href":"https:\/\/www.clockprestige.com\/de\/wp-json\/wp\/v2\/product_tag?post=69740"}],"curies":[{"name":"wp","href":"https:\/\/api.w.org\/{rel}","templated":true}]}}