{"id":69497,"date":"2021-12-23T15:15:16","date_gmt":"2021-12-23T14:15:16","guid":{"rendered":"https:\/\/kyiygtl.cluster024.hosting.ovh.net\/produit\/grande-paire-de-sphinges-en-bronze-dore-xixeme\/"},"modified":"2021-12-23T15:15:35","modified_gmt":"2021-12-23T14:15:35","slug":"grande-paire-de-sphinges-en-bronze-dore-xixeme","status":"publish","type":"product","link":"https:\/\/www.clockprestige.com\/de\/unsere-objekte-und-uhren\/sculptures\/grande-paire-de-sphinges-en-bronze-dore-xixeme\/","title":{"rendered":"Grande paire de sphinges en bronze dor\u00e9. XIX\u00e8me."},"content":{"rendered":"<p>Grande paire de Sphinges \u00e0 t\u00eate d&#8217;\u00e9gyptienne en position assise sur un socle finement travaill\u00e9.<br \/>\nUne partie de la base a \u00e9t\u00e9 taill\u00e9e afin de faire passer une barre anciennement destin\u00e9e pour un d\u00e9cor de chemin\u00e9e.<br \/>\nEnti\u00e8rement en bronze dor\u00e9 avec une dorure d&#8217;un bel \u00e9clat<\/p>","protected":false},"excerpt":{"rendered":"<p>Grande paire de Sphinges \u00e0 t\u00eate d&#8217;\u00e9gyptienne en position assise sur un socle finement travaill\u00e9. Une partie de la base a \u00e9t\u00e9 taill\u00e9e afin de faire passer une barre anciennement destin\u00e9e pour un d\u00e9cor de chemin\u00e9e. Enti\u00e8rement en bronze dor\u00e9 avec une dorure d&#8217;un bel \u00e9clat<\/p>","protected":false},"featured_media":69499,"comment_status":"closed","ping_status":"open","template":"","meta":{"_acf_changed":false},"product_brand":[],"product_cat":[5863],"product_tag":[],"class_list":{"0":"post-69497","1":"product","2":"type-product","3":"status-publish","4":"has-post-thumbnail","6":"product_cat-sculptures","8":"first","9":"outofstock","10":"purchasable","11":"product-type-simple"},"acf":[],"_links":{"self":[{"href":"https:\/\/www.clockprestige.com\/de\/wp-json\/wp\/v2\/product\/69497","targetHints":{"allow":["GET"]}}],"collection":[{"href":"https:\/\/www.clockprestige.com\/de\/wp-json\/wp\/v2\/product"}],"about":[{"href":"https:\/\/www.clockprestige.com\/de\/wp-json\/wp\/v2\/types\/product"}],"replies":[{"embeddable":true,"href":"https:\/\/www.clockprestige.com\/de\/wp-json\/wp\/v2\/comments?post=69497"}],"version-history":[{"count":0,"href":"https:\/\/www.clockprestige.com\/de\/wp-json\/wp\/v2\/product\/69497\/revisions"}],"wp:featuredmedia":[{"embeddable":true,"href":"https:\/\/www.clockprestige.com\/de\/wp-json\/wp\/v2\/media\/69499"}],"wp:attachment":[{"href":"https:\/\/www.clockprestige.com\/de\/wp-json\/wp\/v2\/media?parent=69497"}],"wp:term":[{"taxonomy":"product_brand","embeddable":true,"href":"https:\/\/www.clockprestige.com\/de\/wp-json\/wp\/v2\/product_brand?post=69497"},{"taxonomy":"product_cat","embeddable":true,"href":"https:\/\/www.clockprestige.com\/de\/wp-json\/wp\/v2\/product_cat?post=69497"},{"taxonomy":"product_tag","embeddable":true,"href":"https:\/\/www.clockprestige.com\/de\/wp-json\/wp\/v2\/product_tag?post=69497"}],"curies":[{"name":"wp","href":"https:\/\/api.w.org\/{rel}","templated":true}]}}