{"id":69488,"date":"2021-12-23T15:15:16","date_gmt":"2021-12-23T14:15:16","guid":{"rendered":"https:\/\/kyiygtl.cluster024.hosting.ovh.net\/produit\/paire-de-plaques-mural-aux-naides-f-barbedienne\/"},"modified":"2021-12-23T15:15:23","modified_gmt":"2021-12-23T14:15:23","slug":"paire-de-plaques-mural-aux-naides-f-barbedienne","status":"publish","type":"product","link":"https:\/\/www.clockprestige.com\/de\/unsere-objekte-und-uhren\/sculptures\/paire-de-plaques-mural-aux-naides-f-barbedienne\/","title":{"rendered":"Paire de plaques mural aux Na\u00eedes &#8220;F.Barbedienne&#8221;"},"content":{"rendered":"<p>Sublime haut-relief mural en bronze dor\u00e9 \u00e0 d\u00e9cors de na\u00efdes sign\u00e9 &#8220;F.Barbedienne&#8221;. D&#8217;\u00e9poque Napol\u00e9on III.<\/p>","protected":false},"excerpt":{"rendered":"<p>Sublime haut-relief mural en bronze dor\u00e9 \u00e0 d\u00e9cors de na\u00efdes sign\u00e9 &#8220;F.Barbedienne&#8221;. D&#8217;\u00e9poque Napol\u00e9on III.<\/p>","protected":false},"featured_media":69490,"comment_status":"closed","ping_status":"open","template":"","meta":{"_acf_changed":false},"product_brand":[],"product_cat":[5863],"product_tag":[],"class_list":{"0":"post-69488","1":"product","2":"type-product","3":"status-publish","4":"has-post-thumbnail","6":"product_cat-sculptures","8":"first","9":"outofstock","10":"purchasable","11":"product-type-simple"},"acf":[],"_links":{"self":[{"href":"https:\/\/www.clockprestige.com\/de\/wp-json\/wp\/v2\/product\/69488","targetHints":{"allow":["GET"]}}],"collection":[{"href":"https:\/\/www.clockprestige.com\/de\/wp-json\/wp\/v2\/product"}],"about":[{"href":"https:\/\/www.clockprestige.com\/de\/wp-json\/wp\/v2\/types\/product"}],"replies":[{"embeddable":true,"href":"https:\/\/www.clockprestige.com\/de\/wp-json\/wp\/v2\/comments?post=69488"}],"version-history":[{"count":0,"href":"https:\/\/www.clockprestige.com\/de\/wp-json\/wp\/v2\/product\/69488\/revisions"}],"wp:featuredmedia":[{"embeddable":true,"href":"https:\/\/www.clockprestige.com\/de\/wp-json\/wp\/v2\/media\/69490"}],"wp:attachment":[{"href":"https:\/\/www.clockprestige.com\/de\/wp-json\/wp\/v2\/media?parent=69488"}],"wp:term":[{"taxonomy":"product_brand","embeddable":true,"href":"https:\/\/www.clockprestige.com\/de\/wp-json\/wp\/v2\/product_brand?post=69488"},{"taxonomy":"product_cat","embeddable":true,"href":"https:\/\/www.clockprestige.com\/de\/wp-json\/wp\/v2\/product_cat?post=69488"},{"taxonomy":"product_tag","embeddable":true,"href":"https:\/\/www.clockprestige.com\/de\/wp-json\/wp\/v2\/product_tag?post=69488"}],"curies":[{"name":"wp","href":"https:\/\/api.w.org\/{rel}","templated":true}]}}