{"id":69299,"date":"2021-12-24T15:00:19","date_gmt":"2021-12-24T14:00:19","guid":{"rendered":"https:\/\/kyiygtl.cluster024.hosting.ovh.net\/produit\/pied-de-lampes-bronze-dore-et-porcelaine-napoleon-iii\/"},"modified":"2022-03-03T11:28:21","modified_gmt":"2022-03-03T10:28:21","slug":"pied-de-lampes-bronze-dore-et-porcelaine-napoleon-iii","status":"publish","type":"product","link":"https:\/\/www.clockprestige.com\/de\/unsere-objekte-und-uhren\/lampes-lustres\/lampen-vergoldete-bronze-napoleon-iii\/","title":{"rendered":"Lampen vergoldete Bronze Napol\u00e9on III"},"content":{"rendered":"<p>Lampensockel von hervorragender Qualit\u00e4t mit einer sch\u00f6nen Porzellanvase. verziert mit Blumen und bunten Schmetterlingen, besetzt mit fein gemei\u00dfelter Bronze und folierten Griffen. Zeit Napoleons III.<\/p>\n<p>Hauteur : 43 &#8211; 50 cm<\/p>\n<p>\u00c9lectrification neuve aux normes. Le fil passe \u00e0 l&#8217;int\u00e9rieur du pied de la lampe.<\/p>\n<p>vendu sans Abat-jour<\/p>","protected":false},"excerpt":{"rendered":"<p>Pied de lampe de superbe qualit\u00e9 comportant un tr\u00e8s beau vase en porcelaine orn\u00e9 de fleurs et de papillons color\u00e9s serti de bronze finement cisel\u00e9 et de anses feuillag\u00e9es. Epoque Napol\u00e9on III. Hauteur : 43 &#8211; 50 cm \u00c9lectrification neuve aux normes. Le fil passe \u00e0 l&#8217;int\u00e9rieur du pied de la lampe. vendu sans Abat-jour<\/p>","protected":false},"featured_media":69301,"comment_status":"closed","ping_status":"closed","template":"","meta":{"_acf_changed":false},"product_brand":[],"product_cat":[5861],"product_tag":[],"class_list":{"0":"post-69299","1":"product","2":"type-product","3":"status-publish","4":"has-post-thumbnail","6":"product_cat-lampes-lustres","8":"first","9":"outofstock","10":"purchasable","11":"product-type-simple"},"acf":[],"_links":{"self":[{"href":"https:\/\/www.clockprestige.com\/de\/wp-json\/wp\/v2\/product\/69299","targetHints":{"allow":["GET"]}}],"collection":[{"href":"https:\/\/www.clockprestige.com\/de\/wp-json\/wp\/v2\/product"}],"about":[{"href":"https:\/\/www.clockprestige.com\/de\/wp-json\/wp\/v2\/types\/product"}],"replies":[{"embeddable":true,"href":"https:\/\/www.clockprestige.com\/de\/wp-json\/wp\/v2\/comments?post=69299"}],"version-history":[{"count":0,"href":"https:\/\/www.clockprestige.com\/de\/wp-json\/wp\/v2\/product\/69299\/revisions"}],"wp:featuredmedia":[{"embeddable":true,"href":"https:\/\/www.clockprestige.com\/de\/wp-json\/wp\/v2\/media\/69301"}],"wp:attachment":[{"href":"https:\/\/www.clockprestige.com\/de\/wp-json\/wp\/v2\/media?parent=69299"}],"wp:term":[{"taxonomy":"product_brand","embeddable":true,"href":"https:\/\/www.clockprestige.com\/de\/wp-json\/wp\/v2\/product_brand?post=69299"},{"taxonomy":"product_cat","embeddable":true,"href":"https:\/\/www.clockprestige.com\/de\/wp-json\/wp\/v2\/product_cat?post=69299"},{"taxonomy":"product_tag","embeddable":true,"href":"https:\/\/www.clockprestige.com\/de\/wp-json\/wp\/v2\/product_tag?post=69299"}],"curies":[{"name":"wp","href":"https:\/\/api.w.org\/{rel}","templated":true}]}}