{"id":69266,"date":"2021-12-23T14:58:58","date_gmt":"2021-12-23T13:58:58","guid":{"rendered":"https:\/\/kyiygtl.cluster024.hosting.ovh.net\/produit\/paire-de-lampes-celadon-et-bronze-dore-xix-eme\/"},"modified":"2021-12-23T14:59:36","modified_gmt":"2021-12-23T13:59:36","slug":"paire-de-lampes-celadon-et-bronze-dore-xix-eme","status":"publish","type":"product","link":"https:\/\/www.clockprestige.com\/de\/unsere-objekte-und-uhren\/lampes-lustres\/paire-de-lampes-celadon-et-bronze-dore-xix-eme\/","title":{"rendered":"Paire de lampes c\u00e9ladon et bronze dor\u00e9 XIX \u00e8me"},"content":{"rendered":"<p>Paire de lampes tr\u00e8s d\u00e9coratives et d&#8217;un aspect lumineux, constitu\u00e9es d&#8217;un vase en c\u00e9ramique c\u00e9ladon orn\u00e9 en relief sur le pourtour de v\u00e9g\u00e9taux. Monture cisel\u00e9e en bronze dor\u00e9.<br \/>\nEpoque Napol\u00e9on III.<\/p>\n<p>Hauteur : pied &#8211; haut de la rondelle ajour\u00e9 et dor\u00e9 : 45 cm<\/p>\n<p>Electrification neuve aux normes.<br \/>\nLe fil passe \u00e0 l&#8217;int\u00e9rieur des lampes.<br \/>\nAbat-jour mont\u00e9 sur une rotule, Horizontalit\u00e9 r\u00e9glable.<\/p>","protected":false},"excerpt":{"rendered":"<p>Paire de lampes tr\u00e8s d\u00e9coratives et d&#8217;un aspect lumineux, constitu\u00e9es d&#8217;un vase en c\u00e9ramique c\u00e9ladon orn\u00e9 en relief sur le pourtour de v\u00e9g\u00e9taux. Monture cisel\u00e9e en bronze dor\u00e9. Epoque Napol\u00e9on III. Hauteur : pied &#8211; haut de la rondelle ajour\u00e9 et dor\u00e9 : 45 cm Electrification neuve aux normes. Le fil passe \u00e0 l&#8217;int\u00e9rieur des [&hellip;]<\/p>","protected":false},"featured_media":69268,"comment_status":"closed","ping_status":"open","template":"","meta":{"_acf_changed":false},"product_brand":[],"product_cat":[5861],"product_tag":[],"class_list":{"0":"post-69266","1":"product","2":"type-product","3":"status-publish","4":"has-post-thumbnail","6":"product_cat-lampes-lustres","8":"first","9":"outofstock","10":"purchasable","11":"product-type-simple"},"acf":[],"_links":{"self":[{"href":"https:\/\/www.clockprestige.com\/de\/wp-json\/wp\/v2\/product\/69266","targetHints":{"allow":["GET"]}}],"collection":[{"href":"https:\/\/www.clockprestige.com\/de\/wp-json\/wp\/v2\/product"}],"about":[{"href":"https:\/\/www.clockprestige.com\/de\/wp-json\/wp\/v2\/types\/product"}],"replies":[{"embeddable":true,"href":"https:\/\/www.clockprestige.com\/de\/wp-json\/wp\/v2\/comments?post=69266"}],"version-history":[{"count":0,"href":"https:\/\/www.clockprestige.com\/de\/wp-json\/wp\/v2\/product\/69266\/revisions"}],"wp:featuredmedia":[{"embeddable":true,"href":"https:\/\/www.clockprestige.com\/de\/wp-json\/wp\/v2\/media\/69268"}],"wp:attachment":[{"href":"https:\/\/www.clockprestige.com\/de\/wp-json\/wp\/v2\/media?parent=69266"}],"wp:term":[{"taxonomy":"product_brand","embeddable":true,"href":"https:\/\/www.clockprestige.com\/de\/wp-json\/wp\/v2\/product_brand?post=69266"},{"taxonomy":"product_cat","embeddable":true,"href":"https:\/\/www.clockprestige.com\/de\/wp-json\/wp\/v2\/product_cat?post=69266"},{"taxonomy":"product_tag","embeddable":true,"href":"https:\/\/www.clockprestige.com\/de\/wp-json\/wp\/v2\/product_tag?post=69266"}],"curies":[{"name":"wp","href":"https:\/\/api.w.org\/{rel}","templated":true}]}}