{"id":69157,"date":"2021-12-23T14:53:05","date_gmt":"2021-12-23T13:53:05","guid":{"rendered":"https:\/\/kyiygtl.cluster024.hosting.ovh.net\/produit\/xxl-encrier-f-barbedienne-paris-napoleon-iii\/"},"modified":"2021-12-23T14:54:07","modified_gmt":"2021-12-23T13:54:07","slug":"xxl-encrier-f-barbedienne-paris-napoleon-iii","status":"publish","type":"product","link":"https:\/\/www.clockprestige.com\/de\/unsere-objekte-und-uhren\/encriers\/xxl-encrier-f-barbedienne-paris-napoleon-iii\/","title":{"rendered":"XXL Encrier &#8220;F.Barbedienne Paris&#8221; Napol\u00e9on III"},"content":{"rendered":"<p>Hors norme, tr\u00e8s grand encrier de haute manufacture, sign\u00e9 par le prestigieux bronzier Ferdinand Barbedienne. D&#8217;\u00e9poque Napol\u00e9on III de style Empire, deux encriers de forme sph\u00e9rique, cisel\u00e9e de palmettes et lauriers. Large et magnifique aigle aux ailes d\u00e9ploy\u00e9es. Marbre massif orn\u00e9 sur les quatre faces de frises, l&#8217;ensemble repose sur quatre pieds griffes. En parfait \u00e9tat.<\/p>","protected":false},"excerpt":{"rendered":"<p>Hors norme, tr\u00e8s grand encrier de haute manufacture, sign\u00e9 par le prestigieux bronzier Ferdinand Barbedienne. D&#8217;\u00e9poque Napol\u00e9on III de style Empire, deux encriers de forme sph\u00e9rique, cisel\u00e9e de palmettes et lauriers. Large et magnifique aigle aux ailes d\u00e9ploy\u00e9es. Marbre massif orn\u00e9 sur les quatre faces de frises, l&#8217;ensemble repose sur quatre pieds griffes. En parfait [&hellip;]<\/p>","protected":false},"featured_media":69159,"comment_status":"closed","ping_status":"open","template":"","meta":{"_acf_changed":false},"product_brand":[],"product_cat":[5859],"product_tag":[],"class_list":{"0":"post-69157","1":"product","2":"type-product","3":"status-publish","4":"has-post-thumbnail","6":"product_cat-encriers","8":"first","9":"outofstock","10":"purchasable","11":"product-type-simple"},"acf":[],"_links":{"self":[{"href":"https:\/\/www.clockprestige.com\/de\/wp-json\/wp\/v2\/product\/69157","targetHints":{"allow":["GET"]}}],"collection":[{"href":"https:\/\/www.clockprestige.com\/de\/wp-json\/wp\/v2\/product"}],"about":[{"href":"https:\/\/www.clockprestige.com\/de\/wp-json\/wp\/v2\/types\/product"}],"replies":[{"embeddable":true,"href":"https:\/\/www.clockprestige.com\/de\/wp-json\/wp\/v2\/comments?post=69157"}],"version-history":[{"count":0,"href":"https:\/\/www.clockprestige.com\/de\/wp-json\/wp\/v2\/product\/69157\/revisions"}],"wp:featuredmedia":[{"embeddable":true,"href":"https:\/\/www.clockprestige.com\/de\/wp-json\/wp\/v2\/media\/69159"}],"wp:attachment":[{"href":"https:\/\/www.clockprestige.com\/de\/wp-json\/wp\/v2\/media?parent=69157"}],"wp:term":[{"taxonomy":"product_brand","embeddable":true,"href":"https:\/\/www.clockprestige.com\/de\/wp-json\/wp\/v2\/product_brand?post=69157"},{"taxonomy":"product_cat","embeddable":true,"href":"https:\/\/www.clockprestige.com\/de\/wp-json\/wp\/v2\/product_cat?post=69157"},{"taxonomy":"product_tag","embeddable":true,"href":"https:\/\/www.clockprestige.com\/de\/wp-json\/wp\/v2\/product_tag?post=69157"}],"curies":[{"name":"wp","href":"https:\/\/api.w.org\/{rel}","templated":true}]}}