{"id":67943,"date":"2021-12-23T13:56:25","date_gmt":"2021-12-23T12:56:25","guid":{"rendered":"https:\/\/kyiygtl.cluster024.hosting.ovh.net\/produit\/paire-de-chandeliers-bronze-dore-au-mercure-epoque-restauration\/"},"modified":"2021-12-23T13:56:28","modified_gmt":"2021-12-23T12:56:28","slug":"paire-de-chandeliers-bronze-dore-au-mercure-epoque-restauration","status":"publish","type":"product","link":"https:\/\/www.clockprestige.com\/de\/unsere-objekte-und-uhren\/chandeliers-bougeoirs\/paire-de-chandeliers-bronze-dore-au-mercure-epoque-restauration\/","title":{"rendered":"Paire de chandeliers bronze dor\u00e9 au mercure \u00e9poque Restauration"},"content":{"rendered":"<p>Belle paire de chandeliers en bronze dor\u00e9 au mercure d&#8217;\u00e9poque Restauration vers 1820. Finement cisel\u00e9, bras de lumi\u00e8re \u00e0 enroulement finissant pas des rosaces. L&#8217;ensemble est richement d\u00e9cor\u00e9 de guirlandes, feuille d&#8217;acanthe, cornes d&#8217;abondance, feuille d&#8217;oliviers et fleurs. Excellent \u00e9tat de conservation et d&#8217;authenticit\u00e9.<\/p>","protected":false},"excerpt":{"rendered":"<p>Belle paire de chandeliers en bronze dor\u00e9 au mercure d&#8217;\u00e9poque Restauration vers 1820. Finement cisel\u00e9, bras de lumi\u00e8re \u00e0 enroulement finissant pas des rosaces. L&#8217;ensemble est richement d\u00e9cor\u00e9 de guirlandes, feuille d&#8217;acanthe, cornes d&#8217;abondance, feuille d&#8217;oliviers et fleurs. Excellent \u00e9tat de conservation et d&#8217;authenticit\u00e9.<\/p>","protected":false},"featured_media":66753,"comment_status":"closed","ping_status":"open","template":"","meta":{"_acf_changed":false},"product_brand":[],"product_cat":[5853],"product_tag":[],"class_list":{"0":"post-67943","1":"product","2":"type-product","3":"status-publish","4":"has-post-thumbnail","6":"product_cat-chandeliers-bougeoirs","8":"first","9":"outofstock","10":"purchasable","11":"product-type-simple"},"acf":[],"_links":{"self":[{"href":"https:\/\/www.clockprestige.com\/de\/wp-json\/wp\/v2\/product\/67943","targetHints":{"allow":["GET"]}}],"collection":[{"href":"https:\/\/www.clockprestige.com\/de\/wp-json\/wp\/v2\/product"}],"about":[{"href":"https:\/\/www.clockprestige.com\/de\/wp-json\/wp\/v2\/types\/product"}],"replies":[{"embeddable":true,"href":"https:\/\/www.clockprestige.com\/de\/wp-json\/wp\/v2\/comments?post=67943"}],"version-history":[{"count":0,"href":"https:\/\/www.clockprestige.com\/de\/wp-json\/wp\/v2\/product\/67943\/revisions"}],"wp:featuredmedia":[{"embeddable":true,"href":"https:\/\/www.clockprestige.com\/de\/wp-json\/wp\/v2\/media\/66753"}],"wp:attachment":[{"href":"https:\/\/www.clockprestige.com\/de\/wp-json\/wp\/v2\/media?parent=67943"}],"wp:term":[{"taxonomy":"product_brand","embeddable":true,"href":"https:\/\/www.clockprestige.com\/de\/wp-json\/wp\/v2\/product_brand?post=67943"},{"taxonomy":"product_cat","embeddable":true,"href":"https:\/\/www.clockprestige.com\/de\/wp-json\/wp\/v2\/product_cat?post=67943"},{"taxonomy":"product_tag","embeddable":true,"href":"https:\/\/www.clockprestige.com\/de\/wp-json\/wp\/v2\/product_tag?post=67943"}],"curies":[{"name":"wp","href":"https:\/\/api.w.org\/{rel}","templated":true}]}}