{"id":67064,"date":"2021-12-23T13:28:38","date_gmt":"2021-12-23T12:28:38","guid":{"rendered":"https:\/\/kyiygtl.cluster024.hosting.ovh.net\/produit\/pendule-empire-signe-minet-hebe-et-laigle-de-jupiter\/"},"modified":"2021-12-24T00:32:53","modified_gmt":"2021-12-23T23:32:53","slug":"pendule-empire-signe-minet-hebe-et-laigle-de-jupiter","status":"publish","type":"product","link":"https:\/\/www.clockprestige.com\/de\/unsere-objekte-und-uhren\/pendules\/pendule-empire-signe-minet-hebe-et-laigle-de-jupiter\/","title":{"rendered":"Pendule Empire sign\u00e9 MINET &#8220;H\u00e9b\u00e9 et l&#8217;aigle de Jupiter&#8221;"},"content":{"rendered":"<p>Rare mod\u00e8le d&#8217;une qualit\u00e9 sup\u00e9rieur, pendule d&#8217;\u00e9poque Empire sign\u00e9 sur le cadran &#8220;Minet \u00e0 Paris&#8221; horloger r\u00e9f\u00e9renc\u00e9 dans le Tardy, dictionnaire des horlogers.<\/p>\n<p>Pendule constitu\u00e9 enti\u00e8rement en bronze dor\u00e9 au mercure, la dorure d&#8217;excellente qualit\u00e9 a gard\u00e9 un \u00e9tat de conservation remarquable. Dorure amatie et brillante.<\/p>\n<p>Tr\u00e8s beau th\u00e8me mythologique d&#8217;H\u00e9b\u00e9, d\u00e9esse de la jeunesse offrant une coupe \u00e0 Jupiter m\u00e9tamorphos\u00e9 en aigle, tous deux reposent sur la cadran en \u00e9mail blanc. Le personnage H\u00e9b\u00e9 repr\u00e9sente la moiti\u00e9 de la hauteur totale de la pendule, le travail de la sculpture des d\u00e9tails et des proportions sont tr\u00e8s bien r\u00e9ussit et on appr\u00e9cie la jolie silhouette de la d\u00e9esse. <\/p>\n<p>Aiguilles en bronze dor\u00e9 au mercure finement travaill\u00e9 finissant par une fleur de lys.<br \/>\nLa base int\u00e9gralement recouverte d&#8217;une dorure au mercure brillante est richement orn\u00e9e de symboles mythologiques sur la face avant ainsi que sur les c\u00f4t\u00e9s chose peu courante, on retrouve les ailes de H\u00e9b\u00e9 et la fondre en forme de zigzag l&#8217;un des attributs de Jupiter, deux masques de jupiters, palmettes et vasques \u00e0 l&#8217;antique. <\/p>\n<p>Gros mouvement de belle manufacture, suspension \u00e0 fil, sonnerie des heure et demi-heures sur cloche ancienne.<\/p>\n<p>Pendule de mus\u00e9e avec une parfaite authenticit\u00e9 sans modification.<\/p>","protected":false},"excerpt":{"rendered":"<p>Rare mod\u00e8le d&#8217;une qualit\u00e9 sup\u00e9rieur, pendule d&#8217;\u00e9poque Empire sign\u00e9 sur le cadran &#8220;Minet \u00e0 Paris&#8221; horloger r\u00e9f\u00e9renc\u00e9 dans le Tardy, dictionnaire des horlogers. Pendule constitu\u00e9 enti\u00e8rement en bronze dor\u00e9 au mercure, la dorure d&#8217;excellente qualit\u00e9 a gard\u00e9 un \u00e9tat de conservation remarquable. Dorure amatie et brillante. Tr\u00e8s beau th\u00e8me mythologique d&#8217;H\u00e9b\u00e9, d\u00e9esse de la jeunesse [&hellip;]<\/p>","protected":false},"featured_media":67066,"comment_status":"closed","ping_status":"open","template":"","meta":{"_acf_changed":false},"product_brand":[],"product_cat":[5852],"product_tag":[],"class_list":{"0":"post-67064","1":"product","2":"type-product","3":"status-publish","4":"has-post-thumbnail","6":"product_cat-pendules","8":"first","9":"outofstock","10":"purchasable","11":"product-type-simple"},"acf":[],"_links":{"self":[{"href":"https:\/\/www.clockprestige.com\/de\/wp-json\/wp\/v2\/product\/67064","targetHints":{"allow":["GET"]}}],"collection":[{"href":"https:\/\/www.clockprestige.com\/de\/wp-json\/wp\/v2\/product"}],"about":[{"href":"https:\/\/www.clockprestige.com\/de\/wp-json\/wp\/v2\/types\/product"}],"replies":[{"embeddable":true,"href":"https:\/\/www.clockprestige.com\/de\/wp-json\/wp\/v2\/comments?post=67064"}],"version-history":[{"count":0,"href":"https:\/\/www.clockprestige.com\/de\/wp-json\/wp\/v2\/product\/67064\/revisions"}],"wp:featuredmedia":[{"embeddable":true,"href":"https:\/\/www.clockprestige.com\/de\/wp-json\/wp\/v2\/media\/67066"}],"wp:attachment":[{"href":"https:\/\/www.clockprestige.com\/de\/wp-json\/wp\/v2\/media?parent=67064"}],"wp:term":[{"taxonomy":"product_brand","embeddable":true,"href":"https:\/\/www.clockprestige.com\/de\/wp-json\/wp\/v2\/product_brand?post=67064"},{"taxonomy":"product_cat","embeddable":true,"href":"https:\/\/www.clockprestige.com\/de\/wp-json\/wp\/v2\/product_cat?post=67064"},{"taxonomy":"product_tag","embeddable":true,"href":"https:\/\/www.clockprestige.com\/de\/wp-json\/wp\/v2\/product_tag?post=67064"}],"curies":[{"name":"wp","href":"https:\/\/api.w.org\/{rel}","templated":true}]}}