{"id":67007,"date":"2021-12-23T13:26:15","date_gmt":"2021-12-23T12:26:15","guid":{"rendered":"https:\/\/kyiygtl.cluster024.hosting.ovh.net\/produit\/imposante-pendule-en-bronze-dore-deesse-ceres\/"},"modified":"2021-12-24T00:32:55","modified_gmt":"2021-12-23T23:32:55","slug":"imposante-pendule-en-bronze-dore-deesse-ceres","status":"publish","type":"product","link":"https:\/\/www.clockprestige.com\/de\/unsere-objekte-und-uhren\/pendules\/imposante-pendule-en-bronze-dore-deesse-ceres\/","title":{"rendered":"Imposante Pendule en bronze dor\u00e9 &#8220;D\u00e9esse C\u00e9r\u00e8s&#8221;"},"content":{"rendered":"<p>Imposante pendule enti\u00e8rement en bronze dor\u00e9 d&#8217;\u00e9poque Napol\u00e9on III, dat\u00e9 sur le m\u00e9canisme 1855. Richement cisel\u00e9s aux d\u00e9cor vari\u00e9s sur le th\u00e8me de l&#8217;agriculture repr\u00e9sent\u00e9 par la D\u00e9esse C\u00e9res \u00e9quip\u00e9 de ses attributs ; faucille et \u00e9pis de bl\u00e9 ainsi que la corne d&#8217;abondance que l&#8217;on retrouve sous le cadran.<\/p>\n<p>Cadran en \u00e9mail blanc sign\u00e9 &#8220;Henri Duval \u00e0 Suresnes&#8221; , sonnerie des heures et demie sur cloche ancienne.<\/p>\n<p>Pendule de tr\u00e8s bonne manufacture, a conserv\u00e9 une parfaite authenticit\u00e9 ainsi qu&#8217;un \u00e9tat de conservation de la dorure remarquable.<\/p>","protected":false},"excerpt":{"rendered":"<p>Imposante pendule enti\u00e8rement en bronze dor\u00e9 d&#8217;\u00e9poque Napol\u00e9on III, dat\u00e9 sur le m\u00e9canisme 1855. Richement cisel\u00e9s aux d\u00e9cor vari\u00e9s sur le th\u00e8me de l&#8217;agriculture repr\u00e9sent\u00e9 par la D\u00e9esse C\u00e9res \u00e9quip\u00e9 de ses attributs ; faucille et \u00e9pis de bl\u00e9 ainsi que la corne d&#8217;abondance que l&#8217;on retrouve sous le cadran. Cadran en \u00e9mail blanc sign\u00e9 [&hellip;]<\/p>","protected":false},"featured_media":67009,"comment_status":"closed","ping_status":"open","template":"","meta":{"_acf_changed":false},"product_brand":[],"product_cat":[5852],"product_tag":[],"class_list":{"0":"post-67007","1":"product","2":"type-product","3":"status-publish","4":"has-post-thumbnail","6":"product_cat-pendules","8":"first","9":"outofstock","10":"purchasable","11":"product-type-simple"},"acf":[],"_links":{"self":[{"href":"https:\/\/www.clockprestige.com\/de\/wp-json\/wp\/v2\/product\/67007","targetHints":{"allow":["GET"]}}],"collection":[{"href":"https:\/\/www.clockprestige.com\/de\/wp-json\/wp\/v2\/product"}],"about":[{"href":"https:\/\/www.clockprestige.com\/de\/wp-json\/wp\/v2\/types\/product"}],"replies":[{"embeddable":true,"href":"https:\/\/www.clockprestige.com\/de\/wp-json\/wp\/v2\/comments?post=67007"}],"version-history":[{"count":0,"href":"https:\/\/www.clockprestige.com\/de\/wp-json\/wp\/v2\/product\/67007\/revisions"}],"wp:featuredmedia":[{"embeddable":true,"href":"https:\/\/www.clockprestige.com\/de\/wp-json\/wp\/v2\/media\/67009"}],"wp:attachment":[{"href":"https:\/\/www.clockprestige.com\/de\/wp-json\/wp\/v2\/media?parent=67007"}],"wp:term":[{"taxonomy":"product_brand","embeddable":true,"href":"https:\/\/www.clockprestige.com\/de\/wp-json\/wp\/v2\/product_brand?post=67007"},{"taxonomy":"product_cat","embeddable":true,"href":"https:\/\/www.clockprestige.com\/de\/wp-json\/wp\/v2\/product_cat?post=67007"},{"taxonomy":"product_tag","embeddable":true,"href":"https:\/\/www.clockprestige.com\/de\/wp-json\/wp\/v2\/product_tag?post=67007"}],"curies":[{"name":"wp","href":"https:\/\/api.w.org\/{rel}","templated":true}]}}