{"id":66966,"date":"2021-12-23T13:26:15","date_gmt":"2021-12-23T12:26:15","guid":{"rendered":"https:\/\/kyiygtl.cluster024.hosting.ovh.net\/produit\/pendule-la-chercheuse-desprit-dorure-au-mercure\/"},"modified":"2021-12-24T00:32:54","modified_gmt":"2021-12-23T23:32:54","slug":"pendule-la-chercheuse-desprit-dorure-au-mercure","status":"publish","type":"product","link":"https:\/\/www.clockprestige.com\/de\/unsere-objekte-und-uhren\/pendules\/pendule-la-chercheuse-desprit-dorure-au-mercure\/","title":{"rendered":"Pendule &#8221; La chercheuse d&#8217;Esprit &#8221; Dorure au mercure."},"content":{"rendered":"<p>Pendule d&#8217;\u00e9poque Louis-Philippe vers 1840 en bronze dor\u00e9 au mercure sur le th\u00e8me de l&#8217;op\u00e9ra-comique en hommage \u00e0 Charles-Simon Favart pour son acte &#8221; La Chercheuse d&#8217;esprit &#8220;repr\u00e9sent\u00e9 pour la premi\u00e8re fois le 20 f\u00e9vrier 1741 \u00e0 Paris.<br \/>\nJeune femme v\u00eatue d&#8217;un costume dans la tradition du XVII\u00e8me assise sur un si\u00e8ge ou est inscrit le cadran en \u00e9mail blanc, lecture des heures depuis des aiguilles en bronze finement travaill\u00e9.<\/p>","protected":false},"excerpt":{"rendered":"<p>Pendule d&#8217;\u00e9poque Louis-Philippe vers 1840 en bronze dor\u00e9 au mercure sur le th\u00e8me de l&#8217;op\u00e9ra-comique en hommage \u00e0 Charles-Simon Favart pour son acte &#8221; La Chercheuse d&#8217;esprit &#8220;repr\u00e9sent\u00e9 pour la premi\u00e8re fois le 20 f\u00e9vrier 1741 \u00e0 Paris. Jeune femme v\u00eatue d&#8217;un costume dans la tradition du XVII\u00e8me assise sur un si\u00e8ge ou est inscrit [&hellip;]<\/p>","protected":false},"featured_media":66968,"comment_status":"closed","ping_status":"open","template":"","meta":{"_acf_changed":false},"product_brand":[],"product_cat":[5852],"product_tag":[],"class_list":{"0":"post-66966","1":"product","2":"type-product","3":"status-publish","4":"has-post-thumbnail","6":"product_cat-pendules","8":"first","9":"outofstock","10":"product-type-simple"},"acf":[],"_links":{"self":[{"href":"https:\/\/www.clockprestige.com\/de\/wp-json\/wp\/v2\/product\/66966","targetHints":{"allow":["GET"]}}],"collection":[{"href":"https:\/\/www.clockprestige.com\/de\/wp-json\/wp\/v2\/product"}],"about":[{"href":"https:\/\/www.clockprestige.com\/de\/wp-json\/wp\/v2\/types\/product"}],"replies":[{"embeddable":true,"href":"https:\/\/www.clockprestige.com\/de\/wp-json\/wp\/v2\/comments?post=66966"}],"version-history":[{"count":0,"href":"https:\/\/www.clockprestige.com\/de\/wp-json\/wp\/v2\/product\/66966\/revisions"}],"wp:featuredmedia":[{"embeddable":true,"href":"https:\/\/www.clockprestige.com\/de\/wp-json\/wp\/v2\/media\/66968"}],"wp:attachment":[{"href":"https:\/\/www.clockprestige.com\/de\/wp-json\/wp\/v2\/media?parent=66966"}],"wp:term":[{"taxonomy":"product_brand","embeddable":true,"href":"https:\/\/www.clockprestige.com\/de\/wp-json\/wp\/v2\/product_brand?post=66966"},{"taxonomy":"product_cat","embeddable":true,"href":"https:\/\/www.clockprestige.com\/de\/wp-json\/wp\/v2\/product_cat?post=66966"},{"taxonomy":"product_tag","embeddable":true,"href":"https:\/\/www.clockprestige.com\/de\/wp-json\/wp\/v2\/product_tag?post=66966"}],"curies":[{"name":"wp","href":"https:\/\/api.w.org\/{rel}","templated":true}]}}